{"id":988,"date":"1970-01-01T00:00:00","date_gmt":"1969-12-31T20:30:00","guid":{"rendered":"https:\/\/eyfelplus.com\/product\/cold-water-scented-air-freshener\/"},"modified":"2023-08-20T15:18:51","modified_gmt":"2023-08-20T11:48:51","slug":"soguk-su-kokulu-hava-ferahligi","status":"publish","type":"product","link":"https:\/\/eyfelplus.com\/tr\/urun\/soguk-su-kokulu-hava-ferahligi\/","title":{"rendered":"So\u011fuk Su Kokulu Hava Ferahl\u0131\u011f\u0131"},"content":{"rendered":"<h2 dir=\"ltr\">So\u011fuk Su Kokulu Hava Ferahl\u0131\u011f\u0131<\/h2>\n<p dir=\"ltr\">\n\u2022 120 ml esans ya\u011f\u0131<br \/>\n\u2022 Serinletici ve uzun s\u00fcreli bir koku ta\u015f\u0131r<br \/>\n\u2022 S\u0131cak yaz mevsimi i\u00e7in uygun<br \/>\n\u2022 Spor salonlar\u0131 ve spor kul\u00fcpleri i\u00e7in uygun<br \/>\n\u2022 So\u011fuk su kokulu hava ferahl\u0131\u011f\u0131 serin ve hafif bir koku sunar, \u00e7evreye tazelik ve canl\u0131l\u0131k hissi katar. Bu esans s\u0131cak yaz mevsimi i\u00e7in olduk\u00e7a uygundur ve \u00e7e\u015fitli ortamlarda kullan\u0131labilir.<\/p>\n","protected":false},"excerpt":{"rendered":"<p>So\u011fuk Su Kokulu Hava Ferahl\u0131\u011f\u0131 \u2022 120 ml esans ya\u011f\u0131 \u2022 Serinletici ve uzun s\u00fcreli bir koku ta\u015f\u0131r \u2022 S\u0131cak<\/p>\n","protected":false},"featured_media":501,"comment_status":"open","ping_status":"closed","template":"","meta":{"_acf_changed":false},"product_brand":[],"product_cat":[64,54,46],"product_tag":[],"class_list":{"0":"post-988","1":"product","2":"type-product","3":"status-publish","4":"has-post-thumbnail","6":"product_cat-doga","7":"product_cat-ev-ortam-kokusu","8":"product_cat-ortam-kokusu","10":"first","11":"instock","12":"shipping-taxable","13":"purchasable","14":"product-type-simple"},"acf":[],"_links":{"self":[{"href":"https:\/\/eyfelplus.com\/tr\/wp-json\/wp\/v2\/product\/988","targetHints":{"allow":["GET"]}}],"collection":[{"href":"https:\/\/eyfelplus.com\/tr\/wp-json\/wp\/v2\/product"}],"about":[{"href":"https:\/\/eyfelplus.com\/tr\/wp-json\/wp\/v2\/types\/product"}],"replies":[{"embeddable":true,"href":"https:\/\/eyfelplus.com\/tr\/wp-json\/wp\/v2\/comments?post=988"}],"version-history":[{"count":4,"href":"https:\/\/eyfelplus.com\/tr\/wp-json\/wp\/v2\/product\/988\/revisions"}],"predecessor-version":[{"id":991,"href":"https:\/\/eyfelplus.com\/tr\/wp-json\/wp\/v2\/product\/988\/revisions\/991"}],"wp:featuredmedia":[{"embeddable":true,"href":"https:\/\/eyfelplus.com\/tr\/wp-json\/wp\/v2\/media\/501"}],"wp:attachment":[{"href":"https:\/\/eyfelplus.com\/tr\/wp-json\/wp\/v2\/media?parent=988"}],"wp:term":[{"taxonomy":"product_brand","embeddable":true,"href":"https:\/\/eyfelplus.com\/tr\/wp-json\/wp\/v2\/product_brand?post=988"},{"taxonomy":"product_cat","embeddable":true,"href":"https:\/\/eyfelplus.com\/tr\/wp-json\/wp\/v2\/product_cat?post=988"},{"taxonomy":"product_tag","embeddable":true,"href":"https:\/\/eyfelplus.com\/tr\/wp-json\/wp\/v2\/product_tag?post=988"}],"curies":[{"name":"wp","href":"https:\/\/api.w.org\/{rel}","templated":true}]}}