{"id":972,"date":"1970-01-01T00:00:00","date_gmt":"1969-12-31T20:30:00","guid":{"rendered":"https:\/\/eyfelplus.com\/product\/lemon-scented-air-freshener\/"},"modified":"2023-08-20T14:57:26","modified_gmt":"2023-08-20T11:27:26","slug":"limon-kokulu-hava-ferahligi","status":"publish","type":"product","link":"https:\/\/eyfelplus.com\/tr\/urun\/limon-kokulu-hava-ferahligi\/","title":{"rendered":"Limon Kokulu Hava Ferahl\u0131\u011f\u0131"},"content":{"rendered":"<h2 dir=\"ltr\">Limon Kokulu Hava Ferahl\u0131\u011f\u0131<\/h2>\n<p dir=\"ltr\">\n\u2022 100 ml esans ya\u011f\u0131<br \/>\n\u2022 Ho\u015f limon kokusu ta\u015f\u0131r<br \/>\n\u2022 Ortamda enerji ve tazelik yaratmak i\u00e7in kullan\u0131l\u0131r<br \/>\n\u2022 Evde, i\u015f yerlerinde, spor salonlar\u0131nda, otellerde, toplant\u0131 odalar\u0131nda kullan\u0131ma uygundur<br \/>\n\u2022 Limon kokulu hava ferahl\u0131\u011f\u0131, enerji art\u0131ran limon kokusunu ta\u015f\u0131r. Limonun uyan\u0131kl\u0131\u011f\u0131, odaklanmay\u0131 ve genel olarak bireylerde canl\u0131l\u0131k ve mutluluk seviyelerini art\u0131rd\u0131\u011f\u0131 bilinir. Bu ho\u015f ve aromatik limon kokusu, \u00e7e\u015fitli ortamlarda kullan\u0131ma uygun hale getirir. Ola\u011fan\u00fcst\u00fc ve ho\u015f meyvemsi limon kokusu en pop\u00fcler kokulardan biridir, \u00e7evreye tazelik ve ne\u015fe katar. Sonu\u00e7 olarak, bu koku evlerden i\u015f yerlerine ve di\u011fer alanlara kadar farkl\u0131 ortamlarda kullan\u0131labilir.<\/p>\n","protected":false},"excerpt":{"rendered":"<p>Limon Kokulu Hava Ferahl\u0131\u011f\u0131 \u2022 100 ml esans ya\u011f\u0131 \u2022 Ho\u015f limon kokusu ta\u015f\u0131r \u2022 Ortamda enerji ve tazelik yaratmak<\/p>\n","protected":false},"featured_media":519,"comment_status":"open","ping_status":"closed","template":"","meta":{"_acf_changed":false},"product_brand":[],"product_cat":[54,58,70,51,46],"product_tag":[],"class_list":{"0":"post-972","1":"product","2":"type-product","3":"status-publish","4":"has-post-thumbnail","6":"product_cat-ev-ortam-kokusu","7":"product_cat-genel-ortam-kokusu","8":"product_cat-meyve","9":"product_cat-ofis-ve-ticari-ortam-kokusu","10":"product_cat-ortam-kokusu","12":"first","13":"instock","14":"shipping-taxable","15":"purchasable","16":"product-type-simple"},"acf":[],"_links":{"self":[{"href":"https:\/\/eyfelplus.com\/tr\/wp-json\/wp\/v2\/product\/972","targetHints":{"allow":["GET"]}}],"collection":[{"href":"https:\/\/eyfelplus.com\/tr\/wp-json\/wp\/v2\/product"}],"about":[{"href":"https:\/\/eyfelplus.com\/tr\/wp-json\/wp\/v2\/types\/product"}],"replies":[{"embeddable":true,"href":"https:\/\/eyfelplus.com\/tr\/wp-json\/wp\/v2\/comments?post=972"}],"version-history":[{"count":3,"href":"https:\/\/eyfelplus.com\/tr\/wp-json\/wp\/v2\/product\/972\/revisions"}],"predecessor-version":[{"id":975,"href":"https:\/\/eyfelplus.com\/tr\/wp-json\/wp\/v2\/product\/972\/revisions\/975"}],"wp:featuredmedia":[{"embeddable":true,"href":"https:\/\/eyfelplus.com\/tr\/wp-json\/wp\/v2\/media\/519"}],"wp:attachment":[{"href":"https:\/\/eyfelplus.com\/tr\/wp-json\/wp\/v2\/media?parent=972"}],"wp:term":[{"taxonomy":"product_brand","embeddable":true,"href":"https:\/\/eyfelplus.com\/tr\/wp-json\/wp\/v2\/product_brand?post=972"},{"taxonomy":"product_cat","embeddable":true,"href":"https:\/\/eyfelplus.com\/tr\/wp-json\/wp\/v2\/product_cat?post=972"},{"taxonomy":"product_tag","embeddable":true,"href":"https:\/\/eyfelplus.com\/tr\/wp-json\/wp\/v2\/product_tag?post=972"}],"curies":[{"name":"wp","href":"https:\/\/api.w.org\/{rel}","templated":true}]}}