{"id":958,"date":"1970-01-01T00:00:00","date_gmt":"1969-12-31T20:30:00","guid":{"rendered":"https:\/\/eyfelplus.com\/product\/peach-scented-air-freshener\/"},"modified":"2023-08-20T14:32:32","modified_gmt":"2023-08-20T11:02:32","slug":"seftali-kokulu-hava-ferahligi","status":"publish","type":"product","link":"https:\/\/eyfelplus.com\/tr\/urun\/seftali-kokulu-hava-ferahligi\/","title":{"rendered":"\u015eeftali Kokulu Hava Ferahl\u0131\u011f\u0131"},"content":{"rendered":"<h2 dir=\"ltr\">\u015eeftali Kokulu Hava Ferahl\u0131\u011f\u0131<\/h2>\n<p dir=\"ltr\">\n\u2022 120 ml esans ya\u011f\u0131<br \/>\n\u2022 Do\u011fal meyve kokulu parf\u00fcm<br \/>\n\u2022 Ticari ve idari merkezler i\u00e7in uygun<br \/>\n\u2022 Konut kompleksleri i\u00e7in uygun<br \/>\n\u2022 G\u00fczellik salonlar\u0131, hizmet noktalar\u0131, spor kul\u00fcpleri, masaj salonlar\u0131 vb. yerlerde kullan\u0131labilir<br \/>\n\u2022 \u015eeftali kokulu hava ferahl\u0131\u011f\u0131, tan\u0131d\u0131k meyve kokusu sayesinde her zaman ho\u015f kar\u015f\u0131lan\u0131r. Bu ola\u011fan\u00fcst\u00fc esans ya\u011f\u0131, do\u011fal kokusuyla kullan\u0131c\u0131lara yumu\u015fakl\u0131k ve tazelik hissi sunar, ve en \u00f6nemlisi huzur ve sakinlik getirir.<\/p>\n","protected":false},"excerpt":{"rendered":"<p>\u015eeftali Kokulu Hava Ferahl\u0131\u011f\u0131 \u2022 120 ml esans ya\u011f\u0131 \u2022 Do\u011fal meyve kokulu parf\u00fcm \u2022 Ticari ve idari merkezler i\u00e7in<\/p>\n","protected":false},"featured_media":540,"comment_status":"open","ping_status":"closed","template":"","meta":{"_acf_changed":false},"product_brand":[],"product_cat":[54,58,51,46],"product_tag":[],"class_list":{"0":"post-958","1":"product","2":"type-product","3":"status-publish","4":"has-post-thumbnail","6":"product_cat-ev-ortam-kokusu","7":"product_cat-genel-ortam-kokusu","8":"product_cat-ofis-ve-ticari-ortam-kokusu","9":"product_cat-ortam-kokusu","11":"first","12":"instock","13":"shipping-taxable","14":"purchasable","15":"product-type-simple"},"acf":[],"_links":{"self":[{"href":"https:\/\/eyfelplus.com\/tr\/wp-json\/wp\/v2\/product\/958","targetHints":{"allow":["GET"]}}],"collection":[{"href":"https:\/\/eyfelplus.com\/tr\/wp-json\/wp\/v2\/product"}],"about":[{"href":"https:\/\/eyfelplus.com\/tr\/wp-json\/wp\/v2\/types\/product"}],"replies":[{"embeddable":true,"href":"https:\/\/eyfelplus.com\/tr\/wp-json\/wp\/v2\/comments?post=958"}],"version-history":[{"count":4,"href":"https:\/\/eyfelplus.com\/tr\/wp-json\/wp\/v2\/product\/958\/revisions"}],"predecessor-version":[{"id":962,"href":"https:\/\/eyfelplus.com\/tr\/wp-json\/wp\/v2\/product\/958\/revisions\/962"}],"wp:featuredmedia":[{"embeddable":true,"href":"https:\/\/eyfelplus.com\/tr\/wp-json\/wp\/v2\/media\/540"}],"wp:attachment":[{"href":"https:\/\/eyfelplus.com\/tr\/wp-json\/wp\/v2\/media?parent=958"}],"wp:term":[{"taxonomy":"product_brand","embeddable":true,"href":"https:\/\/eyfelplus.com\/tr\/wp-json\/wp\/v2\/product_brand?post=958"},{"taxonomy":"product_cat","embeddable":true,"href":"https:\/\/eyfelplus.com\/tr\/wp-json\/wp\/v2\/product_cat?post=958"},{"taxonomy":"product_tag","embeddable":true,"href":"https:\/\/eyfelplus.com\/tr\/wp-json\/wp\/v2\/product_tag?post=958"}],"curies":[{"name":"wp","href":"https:\/\/api.w.org\/{rel}","templated":true}]}}