{"id":945,"date":"2023-08-11T00:00:00","date_gmt":"2023-08-10T19:30:00","guid":{"rendered":"https:\/\/eyfelplus.com\/product\/exotic-scented-air-freshener\/"},"modified":"2023-08-20T03:56:46","modified_gmt":"2023-08-20T00:26:46","slug":"egzotik-kokulu-hava-ferahligi","status":"publish","type":"product","link":"https:\/\/eyfelplus.com\/tr\/urun\/egzotik-kokulu-hava-ferahligi\/","title":{"rendered":"Egzotik Kokulu Hava Ferahl\u0131\u011f\u0131"},"content":{"rendered":"<h2 dir=\"ltr\">Egzotik Kokulu Hava Ferahl\u0131\u011f\u0131<\/h2>\n<p dir=\"ltr\">\u2022 120 ml esans ya\u011f\u0131<br \/>\n\u2022 Kadife notas\u0131yla e\u015fsiz ve karakteristik bir koku<br \/>\n\u2022 Ticari ve idari merkezler i\u00e7in uygun<br \/>\n\u2022 Konut kompleksleri i\u00e7in uygun<br \/>\n\u2022 G\u00fczellik salonlar\u0131, hizmet noktalar\u0131, spor kul\u00fcpleri, masaj salonlar\u0131 vb. yerlerde kullan\u0131labilir<br \/>\n\u2022 Egzotik kokulu hava ferahl\u0131\u011f\u0131, tuhaf ve belirgin kokusuyla birlikte kadifemsi bir aroma ile ya\u015fam alan\u0131n\u0131z\u0131 \u0131s\u0131t\u0131r. Sedir ve hurma palmiye kokular\u0131, s\u0131cak baharatlar ve ye\u015fil bitkilerin aromas\u0131yla bu hava ferahl\u0131\u011f\u0131nda etkileyici bir kar\u0131\u015f\u0131m olu\u015fturulmu\u015ftur! Sadece mekanlara ho\u015f bir koku katmakla kalmaz, ayn\u0131 zamanda sigara, nem, kirlilik, kanalizasyon vb. kaynaklanan istenmeyen kokular\u0131 da ortadan kald\u0131r\u0131r.<\/p>\n","protected":false},"excerpt":{"rendered":"<p>Egzotik Kokulu Hava Ferahl\u0131\u011f\u0131 \u2022 120 ml esans ya\u011f\u0131 \u2022 Kadife notas\u0131yla e\u015fsiz ve karakteristik bir koku \u2022 Ticari ve<\/p>\n","protected":false},"featured_media":495,"comment_status":"open","ping_status":"closed","template":"","meta":{"_acf_changed":false},"product_brand":[],"product_cat":[54,69,58,51,46],"product_tag":[],"class_list":{"0":"post-945","1":"product","2":"type-product","3":"status-publish","4":"has-post-thumbnail","6":"product_cat-ev-ortam-kokusu","7":"product_cat-fantezi","8":"product_cat-genel-ortam-kokusu","9":"product_cat-ofis-ve-ticari-ortam-kokusu","10":"product_cat-ortam-kokusu","12":"first","13":"instock","14":"shipping-taxable","15":"purchasable","16":"product-type-simple"},"acf":[],"_links":{"self":[{"href":"https:\/\/eyfelplus.com\/tr\/wp-json\/wp\/v2\/product\/945","targetHints":{"allow":["GET"]}}],"collection":[{"href":"https:\/\/eyfelplus.com\/tr\/wp-json\/wp\/v2\/product"}],"about":[{"href":"https:\/\/eyfelplus.com\/tr\/wp-json\/wp\/v2\/types\/product"}],"replies":[{"embeddable":true,"href":"https:\/\/eyfelplus.com\/tr\/wp-json\/wp\/v2\/comments?post=945"}],"version-history":[{"count":5,"href":"https:\/\/eyfelplus.com\/tr\/wp-json\/wp\/v2\/product\/945\/revisions"}],"predecessor-version":[{"id":950,"href":"https:\/\/eyfelplus.com\/tr\/wp-json\/wp\/v2\/product\/945\/revisions\/950"}],"wp:featuredmedia":[{"embeddable":true,"href":"https:\/\/eyfelplus.com\/tr\/wp-json\/wp\/v2\/media\/495"}],"wp:attachment":[{"href":"https:\/\/eyfelplus.com\/tr\/wp-json\/wp\/v2\/media?parent=945"}],"wp:term":[{"taxonomy":"product_brand","embeddable":true,"href":"https:\/\/eyfelplus.com\/tr\/wp-json\/wp\/v2\/product_brand?post=945"},{"taxonomy":"product_cat","embeddable":true,"href":"https:\/\/eyfelplus.com\/tr\/wp-json\/wp\/v2\/product_cat?post=945"},{"taxonomy":"product_tag","embeddable":true,"href":"https:\/\/eyfelplus.com\/tr\/wp-json\/wp\/v2\/product_tag?post=945"}],"curies":[{"name":"wp","href":"https:\/\/api.w.org\/{rel}","templated":true}]}}