{"id":930,"date":"2023-08-11T00:01:00","date_gmt":"2023-08-10T19:31:00","guid":{"rendered":"https:\/\/eyfelplus.com\/product\/air-freshener-with-bubblegum-scent\/"},"modified":"2023-08-20T03:41:35","modified_gmt":"2023-08-20T00:11:35","slug":"sakiz-kokulu-hava-ferahlaticisi","status":"publish","type":"product","link":"https:\/\/eyfelplus.com\/tr\/urun\/sakiz-kokulu-hava-ferahlaticisi\/","title":{"rendered":"Sak\u0131z Kokulu Hava Ferahlat\u0131c\u0131s\u0131"},"content":{"rendered":"<h2 dir=\"ltr\">Sak\u0131z Kokulu Hava Ferahlat\u0131c\u0131s\u0131<\/h2>\n<p dir=\"ltr\">\n\u2022 120 ml esans i\u00e7erir<br \/>\n\u2022 Fantazi ve \u00e7ocuksu bir koku sahiptir<br \/>\n\u2022 G\u00fczellik salonlar\u0131, e\u011flence merkezleri, anaokullar\u0131 ve daha fazlas\u0131 i\u00e7in uygundur<br \/>\n\u2022 Tatl\u0131 \u00e7ocukluk an\u0131lar\u0131n\u0131 hat\u0131rlat\u0131r<br \/>\n\u2022 Herhangi bir koku herhangi bir zamanda ve yerde bir hikaye anlatabilir, sak\u0131z kokulu bir hava ferahlat\u0131c\u0131s\u0131 herkes i\u00e7in tatl\u0131 \u00e7ocukluk an\u0131lar\u0131n\u0131 yeniden canland\u0131r\u0131r. Sak\u0131z esans\u0131 fantastik, tatl\u0131, ne\u015feli ve \u00e7ocuksu bir koku i\u00e7erir ve b\u00f6\u011f\u00fcrtlen, \u015feftali, ananas, narenciye ve sulu meyvelerin kokusuyla birlikte gelir. Sak\u0131z kokulu hava ferahlat\u0131c\u0131s\u0131n\u0131n fantastik ve \u00e7ocuksu kokusu, \u00e7ocukluk an\u0131lar\u0131ndaki kahkahalarla kar\u0131\u015fan bir rahatlama hissi yarat\u0131r.<\/p>\n","protected":false},"excerpt":{"rendered":"<p>Sak\u0131z Kokulu Hava Ferahlat\u0131c\u0131s\u0131 \u2022 120 ml esans i\u00e7erir \u2022 Fantazi ve \u00e7ocuksu bir koku sahiptir \u2022 G\u00fczellik salonlar\u0131, e\u011flence<\/p>\n","protected":false},"featured_media":507,"comment_status":"closed","ping_status":"closed","template":"","meta":{"_acf_changed":false},"product_brand":[],"product_cat":[69,58,46],"product_tag":[],"class_list":{"0":"post-930","1":"product","2":"type-product","3":"status-publish","4":"has-post-thumbnail","6":"product_cat-fantezi","7":"product_cat-genel-ortam-kokusu","8":"product_cat-ortam-kokusu","10":"first","11":"instock","12":"shipping-taxable","13":"purchasable","14":"product-type-simple"},"acf":[],"_links":{"self":[{"href":"https:\/\/eyfelplus.com\/tr\/wp-json\/wp\/v2\/product\/930","targetHints":{"allow":["GET"]}}],"collection":[{"href":"https:\/\/eyfelplus.com\/tr\/wp-json\/wp\/v2\/product"}],"about":[{"href":"https:\/\/eyfelplus.com\/tr\/wp-json\/wp\/v2\/types\/product"}],"replies":[{"embeddable":true,"href":"https:\/\/eyfelplus.com\/tr\/wp-json\/wp\/v2\/comments?post=930"}],"version-history":[{"count":3,"href":"https:\/\/eyfelplus.com\/tr\/wp-json\/wp\/v2\/product\/930\/revisions"}],"predecessor-version":[{"id":933,"href":"https:\/\/eyfelplus.com\/tr\/wp-json\/wp\/v2\/product\/930\/revisions\/933"}],"wp:featuredmedia":[{"embeddable":true,"href":"https:\/\/eyfelplus.com\/tr\/wp-json\/wp\/v2\/media\/507"}],"wp:attachment":[{"href":"https:\/\/eyfelplus.com\/tr\/wp-json\/wp\/v2\/media?parent=930"}],"wp:term":[{"taxonomy":"product_brand","embeddable":true,"href":"https:\/\/eyfelplus.com\/tr\/wp-json\/wp\/v2\/product_brand?post=930"},{"taxonomy":"product_cat","embeddable":true,"href":"https:\/\/eyfelplus.com\/tr\/wp-json\/wp\/v2\/product_cat?post=930"},{"taxonomy":"product_tag","embeddable":true,"href":"https:\/\/eyfelplus.com\/tr\/wp-json\/wp\/v2\/product_tag?post=930"}],"curies":[{"name":"wp","href":"https:\/\/api.w.org\/{rel}","templated":true}]}}