{"id":913,"date":"2023-08-19T22:19:13","date_gmt":"2023-08-19T17:49:13","guid":{"rendered":"https:\/\/eyfelplus.com\/product\/caramel-scented-air-freshener\/"},"modified":"2023-08-20T03:21:21","modified_gmt":"2023-08-19T23:51:21","slug":"karamel-kokulu-hava-ferahligi","status":"publish","type":"product","link":"https:\/\/eyfelplus.com\/tr\/urun\/karamel-kokulu-hava-ferahligi\/","title":{"rendered":"Karamel Kokulu Hava Ferahl\u0131\u011f\u0131"},"content":{"rendered":"<h2 dir=\"ltr\">Karamel Kokulu Hava Ferahl\u0131\u011f\u0131<\/h2>\n<p dir=\"ltr\">\u2022 120 ml esans ya\u011f\u0131<br \/>\n\u2022 Tatl\u0131, s\u0131cak ve tereya\u011f\u0131ms\u0131 bir koku ta\u015f\u0131r<br \/>\n\u2022 So\u011fuk k\u0131\u015f mevsimi i\u00e7in uygun<br \/>\n\u2022 Yatak odalar\u0131, misafir odalar\u0131, mutfaklar ve banyolar i\u00e7in uygun<br \/>\n\u2022 Karamel kokusu, karamel ve kurabiye kokusuna benzeyen tatl\u0131, s\u0131cak ve tereya\u011f\u0131ms\u0131 bir kokudur ve herkesin dikkatini \u00e7eker. Bu koku, \u00f6zellikle meyveli, tatl\u0131, do\u011fulu ve yemek kokular\u0131yla iyi uyum sa\u011flayabilen, parf\u00fcm yap\u0131m\u0131nda en \u00e7ok kullan\u0131lan kokulardan biridir. Genellikle \u00e7ikolata, pa\u00e7uli, akasya, sandal a\u011fac\u0131, amber ve vanilya gibi kokularla birle\u015ftirilir.<\/p>\n","protected":false},"excerpt":{"rendered":"<p>Karamel Kokulu Hava Ferahl\u0131\u011f\u0131 \u2022 120 ml esans ya\u011f\u0131 \u2022 Tatl\u0131, s\u0131cak ve tereya\u011f\u0131ms\u0131 bir koku ta\u015f\u0131r \u2022 So\u011fuk k\u0131\u015f<\/p>\n","protected":false},"featured_media":840,"comment_status":"open","ping_status":"closed","template":"","meta":{"_acf_changed":false},"product_brand":[],"product_cat":[54,69,63,46],"product_tag":[],"class_list":{"0":"post-913","1":"product","2":"type-product","3":"status-publish","4":"has-post-thumbnail","6":"product_cat-ev-ortam-kokusu","7":"product_cat-fantezi","8":"product_cat-koku","9":"product_cat-ortam-kokusu","11":"first","12":"instock","13":"shipping-taxable","14":"purchasable","15":"product-type-simple"},"acf":[],"_links":{"self":[{"href":"https:\/\/eyfelplus.com\/tr\/wp-json\/wp\/v2\/product\/913","targetHints":{"allow":["GET"]}}],"collection":[{"href":"https:\/\/eyfelplus.com\/tr\/wp-json\/wp\/v2\/product"}],"about":[{"href":"https:\/\/eyfelplus.com\/tr\/wp-json\/wp\/v2\/types\/product"}],"replies":[{"embeddable":true,"href":"https:\/\/eyfelplus.com\/tr\/wp-json\/wp\/v2\/comments?post=913"}],"version-history":[{"count":4,"href":"https:\/\/eyfelplus.com\/tr\/wp-json\/wp\/v2\/product\/913\/revisions"}],"predecessor-version":[{"id":918,"href":"https:\/\/eyfelplus.com\/tr\/wp-json\/wp\/v2\/product\/913\/revisions\/918"}],"wp:featuredmedia":[{"embeddable":true,"href":"https:\/\/eyfelplus.com\/tr\/wp-json\/wp\/v2\/media\/840"}],"wp:attachment":[{"href":"https:\/\/eyfelplus.com\/tr\/wp-json\/wp\/v2\/media?parent=913"}],"wp:term":[{"taxonomy":"product_brand","embeddable":true,"href":"https:\/\/eyfelplus.com\/tr\/wp-json\/wp\/v2\/product_brand?post=913"},{"taxonomy":"product_cat","embeddable":true,"href":"https:\/\/eyfelplus.com\/tr\/wp-json\/wp\/v2\/product_cat?post=913"},{"taxonomy":"product_tag","embeddable":true,"href":"https:\/\/eyfelplus.com\/tr\/wp-json\/wp\/v2\/product_tag?post=913"}],"curies":[{"name":"wp","href":"https:\/\/api.w.org\/{rel}","templated":true}]}}