{"id":899,"date":"2023-08-19T22:22:41","date_gmt":"2023-08-19T17:52:41","guid":{"rendered":"https:\/\/eyfelplus.com\/product\/angel-scented-air-freshener\/"},"modified":"2025-05-27T10:56:40","modified_gmt":"2025-05-27T07:26:40","slug":"melek-kokulu-hava-ferahligi","status":"publish","type":"product","link":"https:\/\/eyfelplus.com\/tr\/urun\/melek-kokulu-hava-ferahligi\/","title":{"rendered":"Melek Kokulu Hava Ferahl\u0131\u011f\u0131"},"content":{"rendered":"<h2 dir=\"ltr\">Melek Kokulu Hava Ferahl\u0131\u011f\u0131<\/h2>\n<p dir=\"ltr\">\n\u2022 120 ml esans ya\u011f\u0131<br \/>\n\u2022 S\u0131cak ve tatl\u0131 bir koku<br \/>\n\u2022 Sakinle\u015ftirici bir aroma ta\u015f\u0131r<br \/>\n\u2022 \u0130\u015f ofisleri, yatak odalar\u0131, oturma odalar\u0131 ve daha fazlas\u0131 i\u00e7in uygundur<br \/>\n\u2022 Bu \u00f6zel \u00fcr\u00fcn, s\u0131cak ve tatl\u0131 kokusuyla, y\u00fcksek kal\u0131c\u0131l\u0131\u011f\u0131 ve m\u00fckemmel yay\u0131lmas\u0131yla, uzun ve so\u011fuk k\u0131\u015f gecelerinde kullan\u0131m i\u00e7in \u00f6nerilir. Melek kokusu, vanilya ve Hint nanesinden t\u00fcretilen uyumlu ve nazik bir kar\u0131\u015f\u0131m\u0131 i\u00e7erir.<\/p>\n","protected":false},"excerpt":{"rendered":"<p>Melek Kokulu Hava Ferahl\u0131\u011f\u0131 \u2022 120 ml esans ya\u011f\u0131 \u2022 S\u0131cak ve tatl\u0131 bir koku \u2022 Sakinle\u015ftirici bir aroma ta\u015f\u0131r<\/p>\n","protected":false},"featured_media":832,"comment_status":"open","ping_status":"closed","template":"","meta":{"_acf_changed":false},"product_brand":[],"product_cat":[54,69,63,51,46],"product_tag":[],"class_list":{"0":"post-899","1":"product","2":"type-product","3":"status-publish","4":"has-post-thumbnail","6":"product_cat-ev-ortam-kokusu","7":"product_cat-fantezi","8":"product_cat-koku","9":"product_cat-ofis-ve-ticari-ortam-kokusu","10":"product_cat-ortam-kokusu","12":"first","13":"instock","14":"shipping-taxable","15":"purchasable","16":"product-type-simple"},"acf":[],"_links":{"self":[{"href":"https:\/\/eyfelplus.com\/tr\/wp-json\/wp\/v2\/product\/899","targetHints":{"allow":["GET"]}}],"collection":[{"href":"https:\/\/eyfelplus.com\/tr\/wp-json\/wp\/v2\/product"}],"about":[{"href":"https:\/\/eyfelplus.com\/tr\/wp-json\/wp\/v2\/types\/product"}],"replies":[{"embeddable":true,"href":"https:\/\/eyfelplus.com\/tr\/wp-json\/wp\/v2\/comments?post=899"}],"version-history":[{"count":4,"href":"https:\/\/eyfelplus.com\/tr\/wp-json\/wp\/v2\/product\/899\/revisions"}],"predecessor-version":[{"id":903,"href":"https:\/\/eyfelplus.com\/tr\/wp-json\/wp\/v2\/product\/899\/revisions\/903"}],"wp:featuredmedia":[{"embeddable":true,"href":"https:\/\/eyfelplus.com\/tr\/wp-json\/wp\/v2\/media\/832"}],"wp:attachment":[{"href":"https:\/\/eyfelplus.com\/tr\/wp-json\/wp\/v2\/media?parent=899"}],"wp:term":[{"taxonomy":"product_brand","embeddable":true,"href":"https:\/\/eyfelplus.com\/tr\/wp-json\/wp\/v2\/product_brand?post=899"},{"taxonomy":"product_cat","embeddable":true,"href":"https:\/\/eyfelplus.com\/tr\/wp-json\/wp\/v2\/product_cat?post=899"},{"taxonomy":"product_tag","embeddable":true,"href":"https:\/\/eyfelplus.com\/tr\/wp-json\/wp\/v2\/product_tag?post=899"}],"curies":[{"name":"wp","href":"https:\/\/api.w.org\/{rel}","templated":true}]}}