{"id":869,"date":"2023-08-19T22:32:16","date_gmt":"2023-08-19T18:02:16","guid":{"rendered":"https:\/\/eyfelplus.com\/product\/%d8%ae%d9%88%d8%b4%d8%a8%d9%88-%da%a9%d9%86%d9%86%d8%af%d9%87-%d8%a7%db%8c%d9%81%d9%84-%d9%be%d9%84%d8%a7%d8%b3-%d8%a8%d8%a7-%d8%b1%d8%a7%db%8c%d8%ad%d9%87-%d8%af%d8%a7%d8%b1%da%86%db%8c%d9%86-%d9%88\/"},"modified":"2023-08-22T00:48:09","modified_gmt":"2023-08-21T21:18:09","slug":"tarcin-ve-karanfil-kokulu-eyfel-plus-oda-spreyi","status":"publish","type":"product","link":"https:\/\/eyfelplus.com\/tr\/urun\/tarcin-ve-karanfil-kokulu-eyfel-plus-oda-spreyi\/","title":{"rendered":"Tar\u00e7\u0131n ve karanfil kokulu Eyfel Plus oda spreyi"},"content":{"rendered":"<h2 dir=\"ltr\" style=\"text-align: left;\">Tar\u00e7\u0131n ve karanfil kokulu Eyfel Plus oda spreyi<\/h2>\n<ul>\n<li dir=\"ltr\" style=\"text-align: left;\">120 ml u\u00e7ucu ya\u011f<\/li>\n<li dir=\"ltr\" style=\"text-align: left;\">Ev veya i\u015f yeri i\u00e7in hava spreyi<\/li>\n<li dir=\"ltr\" style=\"text-align: left;\">Rahatlat\u0131c\u0131, stres \u00f6nleyici, canland\u0131r\u0131c\u0131 ve enerji verici bir kokuya sahiptir.<\/li>\n<li dir=\"ltr\" style=\"text-align: left;\">y\u00fcksek dayan\u0131kl\u0131l\u0131k<\/li>\n<li dir=\"ltr\" style=\"text-align: left;\">Parf\u00fcm\u00fcn havada h\u0131zl\u0131 yay\u0131lmas\u0131<\/li>\n<li dir=\"ltr\" style=\"text-align: left;\">Tar\u00e7\u0131n kabu\u011fu \u00f6z\u00fcnden elde edilen tar\u00e7\u0131n kokulu aromatik oda spreyi; \u00d6zel ve rahatlat\u0131c\u0131 bir aromaya sahip ayn\u0131 \u00fcnl\u00fc oryantal baharattan olu\u015furve havada h\u0131zla yay\u0131larak dinlenmeniz veya g\u00fcnl\u00fck aktiviteleriniz i\u00e7in m\u00fckemmel bir ortam sa\u011flar.<\/li>\n<\/ul>\n","protected":false},"excerpt":{"rendered":"<p>Tar\u00e7\u0131n ve karanfil kokulu Eyfel Plus oda spreyi 120 ml u\u00e7ucu ya\u011f Ev veya i\u015f yeri i\u00e7in hava spreyi Rahatlat\u0131c\u0131,<\/p>\n","protected":false},"featured_media":848,"comment_status":"open","ping_status":"closed","template":"","meta":{"_acf_changed":false},"product_brand":[],"product_cat":[54,51,46],"product_tag":[],"class_list":{"0":"post-869","1":"product","2":"type-product","3":"status-publish","4":"has-post-thumbnail","6":"product_cat-ev-ortam-kokusu","7":"product_cat-ofis-ve-ticari-ortam-kokusu","8":"product_cat-ortam-kokusu","10":"first","11":"instock","12":"shipping-taxable","13":"purchasable","14":"product-type-simple"},"acf":[],"_links":{"self":[{"href":"https:\/\/eyfelplus.com\/tr\/wp-json\/wp\/v2\/product\/869","targetHints":{"allow":["GET"]}}],"collection":[{"href":"https:\/\/eyfelplus.com\/tr\/wp-json\/wp\/v2\/product"}],"about":[{"href":"https:\/\/eyfelplus.com\/tr\/wp-json\/wp\/v2\/types\/product"}],"replies":[{"embeddable":true,"href":"https:\/\/eyfelplus.com\/tr\/wp-json\/wp\/v2\/comments?post=869"}],"version-history":[{"count":3,"href":"https:\/\/eyfelplus.com\/tr\/wp-json\/wp\/v2\/product\/869\/revisions"}],"predecessor-version":[{"id":875,"href":"https:\/\/eyfelplus.com\/tr\/wp-json\/wp\/v2\/product\/869\/revisions\/875"}],"wp:featuredmedia":[{"embeddable":true,"href":"https:\/\/eyfelplus.com\/tr\/wp-json\/wp\/v2\/media\/848"}],"wp:attachment":[{"href":"https:\/\/eyfelplus.com\/tr\/wp-json\/wp\/v2\/media?parent=869"}],"wp:term":[{"taxonomy":"product_brand","embeddable":true,"href":"https:\/\/eyfelplus.com\/tr\/wp-json\/wp\/v2\/product_brand?post=869"},{"taxonomy":"product_cat","embeddable":true,"href":"https:\/\/eyfelplus.com\/tr\/wp-json\/wp\/v2\/product_cat?post=869"},{"taxonomy":"product_tag","embeddable":true,"href":"https:\/\/eyfelplus.com\/tr\/wp-json\/wp\/v2\/product_tag?post=869"}],"curies":[{"name":"wp","href":"https:\/\/api.w.org\/{rel}","templated":true}]}}