{"id":2240,"date":"2023-12-13T00:42:58","date_gmt":"2023-12-12T21:12:58","guid":{"rendered":"https:\/\/eyfelplus.com\/product\/yomush-orkide-kokulu-hava-spreyi\/"},"modified":"2023-12-13T00:42:58","modified_gmt":"2023-12-12T21:12:58","slug":"yomush-orkide-kokulu-hava-spreyi","status":"publish","type":"product","link":"https:\/\/eyfelplus.com\/tr\/urun\/yomush-orkide-kokulu-hava-spreyi\/","title":{"rendered":"Yomush orkide kokulu hava spreyi"},"content":{"rendered":"<h2 dir=\"ltr\" style=\"text-align: left;\">Yomush orkide kokulu hava spreyi<\/h2>\n<p dir=\"ltr\" style=\"text-align: left;\">Yumus, \u00e7ok kaliteli olan en iyi T\u00fcrk sa\u011fl\u0131k markalar\u0131ndan biridir. Eiffel Plus \u015eirketi size her zaman mutlu bir hayat sunar. Bu sefer siz sevdiklerimiz i\u00e7in orkide kokulu sivrisinek kovucuyu be\u011feninize sunduk.<\/p>\n<p dir=\"ltr\" style=\"text-align: left;\">Orkidelerin ho\u015f kokusuna sahip Yomush oda kokusu, orkidelerin \u00e7ekici kokusuyla sevdiklerinize ho\u015f bir atmosfer sa\u011flar.<\/p>\n<p dir=\"ltr\" style=\"text-align: left;\">Bu \u00fcr\u00fcn\u00fcn hacmi 260 ml olup, \u00e7e\u015fitli otomatik ve manuel p\u00fcsk\u00fcrtme cihazlar\u0131na monte edilebilir.<\/p>\n","protected":false},"excerpt":{"rendered":"<ul>\n<li dir=\"ltr\" style=\"text-align: left;\">Hacim: 260 ml<\/li>\n<li dir=\"ltr\" style=\"text-align: left;\">Koku: Orkide<\/li>\n<li dir=\"ltr\" style=\"text-align: left;\">\u00dcretim yeri: T\u00fcrkiye<\/li>\n<li dir=\"ltr\" style=\"text-align: left;\">\u00dcr\u00fcn T\u00fcr\u00fc: Sprey<\/li>\n<\/ul>\n","protected":false},"featured_media":2092,"comment_status":"open","ping_status":"closed","template":"","meta":{"_acf_changed":false},"product_brand":[],"product_cat":[46,103],"product_tag":[],"class_list":{"0":"post-2240","1":"product","2":"type-product","3":"status-publish","4":"has-post-thumbnail","6":"product_cat-ortam-kokusu","7":"product_cat-yumosh-kokulu-spreyi","9":"first","10":"instock","11":"sale","12":"shipping-taxable","13":"purchasable","14":"product-type-simple"},"acf":[],"_links":{"self":[{"href":"https:\/\/eyfelplus.com\/tr\/wp-json\/wp\/v2\/product\/2240","targetHints":{"allow":["GET"]}}],"collection":[{"href":"https:\/\/eyfelplus.com\/tr\/wp-json\/wp\/v2\/product"}],"about":[{"href":"https:\/\/eyfelplus.com\/tr\/wp-json\/wp\/v2\/types\/product"}],"replies":[{"embeddable":true,"href":"https:\/\/eyfelplus.com\/tr\/wp-json\/wp\/v2\/comments?post=2240"}],"version-history":[{"count":0,"href":"https:\/\/eyfelplus.com\/tr\/wp-json\/wp\/v2\/product\/2240\/revisions"}],"wp:featuredmedia":[{"embeddable":true,"href":"https:\/\/eyfelplus.com\/tr\/wp-json\/wp\/v2\/media\/2092"}],"wp:attachment":[{"href":"https:\/\/eyfelplus.com\/tr\/wp-json\/wp\/v2\/media?parent=2240"}],"wp:term":[{"taxonomy":"product_brand","embeddable":true,"href":"https:\/\/eyfelplus.com\/tr\/wp-json\/wp\/v2\/product_brand?post=2240"},{"taxonomy":"product_cat","embeddable":true,"href":"https:\/\/eyfelplus.com\/tr\/wp-json\/wp\/v2\/product_cat?post=2240"},{"taxonomy":"product_tag","embeddable":true,"href":"https:\/\/eyfelplus.com\/tr\/wp-json\/wp\/v2\/product_tag?post=2240"}],"curies":[{"name":"wp","href":"https:\/\/api.w.org\/{rel}","templated":true}]}}