{"id":2239,"date":"2023-12-13T01:53:32","date_gmt":"2023-12-12T22:23:32","guid":{"rendered":"https:\/\/eyfelplus.com\/product\/yumush-cicek-bahcesi-kokulu-hava-spreyi\/"},"modified":"2026-03-10T08:47:42","modified_gmt":"2026-03-10T05:17:42","slug":"yumush-cicek-bahcesi-kokulu-hava-spreyi","status":"publish","type":"product","link":"https:\/\/eyfelplus.com\/tr\/urun\/yumush-cicek-bahcesi-kokulu-hava-spreyi\/","title":{"rendered":"Yumush \u00e7i\u00e7ek bah\u00e7esi kokulu hava spreyi"},"content":{"rendered":"<h2 dir=\"ltr\">Yumush \u00e7i\u00e7ek bah\u00e7esi kokulu hava spreyi<\/h2>\n<p dir=\"ltr\">Yumus \u00e7ok kaliteli, en iyi T\u00fcrk markalar\u0131ndan biridir. Eiffel Plus \u015eirketi size her zaman mutlu bir hayat sunar. Bu sefer sevdikleriniz i\u00e7in \u00e7i\u00e7ek bah\u00e7esi kokulu bir sivrisinek kovucumuz var.<\/p>\n<p dir=\"ltr\">\u00c7i\u00e7ek bah\u00e7esi kokulu Yumush oda kokusu, kendinizi \u00e7i\u00e7ek bah\u00e7esindeymi\u015f gibi hissetmenizi sa\u011flayacak.<\/p>\n<p dir=\"ltr\">Yumush \u00e7i\u00e7ek bah\u00e7esi kokulu hava spreyi<\/p>\n<p dir=\"ltr\">Bu \u00fcr\u00fcn\u00fcn hacmi 260 ml olup, \u00e7e\u015fitli otomatik ve manuel p\u00fcsk\u00fcrtme cihazlar\u0131na monte edilebilir.<\/p>\n","protected":false},"excerpt":{"rendered":"<ul>\n<li dir=\"ltr\" style=\"text-align: left;\">Hacim: 260 ml<\/li>\n<li dir=\"ltr\" style=\"text-align: left;\">Koku: \u00c7i\u00e7ek Bah\u00e7esi<\/li>\n<li dir=\"ltr\" style=\"text-align: left;\">\u00dcretim yeri: T\u00fcrkiye<\/li>\n<li dir=\"ltr\" style=\"text-align: left;\">\u00dcr\u00fcn T\u00fcr\u00fc: Sprey<\/li>\n<\/ul>\n","protected":false},"featured_media":2080,"comment_status":"open","ping_status":"closed","template":"","meta":{"_acf_changed":false},"product_brand":[],"product_cat":[46,103],"product_tag":[],"class_list":{"0":"post-2239","1":"product","2":"type-product","3":"status-publish","4":"has-post-thumbnail","6":"product_cat-ortam-kokusu","7":"product_cat-yumosh-kokulu-spreyi","9":"first","10":"instock","11":"sale","12":"shipping-taxable","13":"purchasable","14":"product-type-simple"},"acf":[],"_links":{"self":[{"href":"https:\/\/eyfelplus.com\/tr\/wp-json\/wp\/v2\/product\/2239","targetHints":{"allow":["GET"]}}],"collection":[{"href":"https:\/\/eyfelplus.com\/tr\/wp-json\/wp\/v2\/product"}],"about":[{"href":"https:\/\/eyfelplus.com\/tr\/wp-json\/wp\/v2\/types\/product"}],"replies":[{"embeddable":true,"href":"https:\/\/eyfelplus.com\/tr\/wp-json\/wp\/v2\/comments?post=2239"}],"version-history":[{"count":0,"href":"https:\/\/eyfelplus.com\/tr\/wp-json\/wp\/v2\/product\/2239\/revisions"}],"wp:featuredmedia":[{"embeddable":true,"href":"https:\/\/eyfelplus.com\/tr\/wp-json\/wp\/v2\/media\/2080"}],"wp:attachment":[{"href":"https:\/\/eyfelplus.com\/tr\/wp-json\/wp\/v2\/media?parent=2239"}],"wp:term":[{"taxonomy":"product_brand","embeddable":true,"href":"https:\/\/eyfelplus.com\/tr\/wp-json\/wp\/v2\/product_brand?post=2239"},{"taxonomy":"product_cat","embeddable":true,"href":"https:\/\/eyfelplus.com\/tr\/wp-json\/wp\/v2\/product_cat?post=2239"},{"taxonomy":"product_tag","embeddable":true,"href":"https:\/\/eyfelplus.com\/tr\/wp-json\/wp\/v2\/product_tag?post=2239"}],"curies":[{"name":"wp","href":"https:\/\/api.w.org\/{rel}","templated":true}]}}