{"id":2231,"date":"2024-08-11T13:51:43","date_gmt":"2024-08-11T09:21:43","guid":{"rendered":"https:\/\/eyfelplus.com\/product\/yumush-bahar-portakali-kokulu-oda-spreyi\/"},"modified":"2024-12-15T20:16:15","modified_gmt":"2024-12-15T16:46:15","slug":"yumush-bahar-portakali-kokulu-oda-spreyi","status":"publish","type":"product","link":"https:\/\/eyfelplus.com\/tr\/urun\/yumush-bahar-portakali-kokulu-oda-spreyi\/","title":{"rendered":"Yumush bahar portakal\u0131 kokulu oda spreyi"},"content":{"rendered":"<h2 dir=\"ltr\" style=\"text-align: left;\">Yumush bahar portakal\u0131 kokulu oda spreyi<\/h2>\n<p dir=\"ltr\" style=\"text-align: left;\">Yumus \u00e7ok kaliteli, en iyi T\u00fcrk markalar\u0131ndan biridir. Eiffel Plus \u015eirketi size her zaman mutlu bir hayat sunar. Bu sefer siz sevdiklerimiz i\u00e7in bahar portakal\u0131 kokulu bir sprey haz\u0131rlad\u0131k.<\/p>\n<p dir=\"ltr\" style=\"text-align: left;\">Ho\u015f bahar portakal\u0131 kokusuna sahip Yomush oda kokusu sevdiklerinize ho\u015f bir ortam sa\u011flar.<\/p>\n<p dir=\"ltr\" style=\"text-align: left;\">Bu \u00fcr\u00fcn\u00fcn hacmi 260 ml olup, \u00e7e\u015fitli otomatik ve manuel p\u00fcsk\u00fcrtme cihazlar\u0131na monte edilebilir.<\/p>\n","protected":false},"excerpt":{"rendered":"<ul>\n<li dir=\"ltr\" style=\"text-align: left;\">Hacim: 260 ml<\/li>\n<li dir=\"ltr\" style=\"text-align: left;\">Koku: Portakal \u00c7i\u00e7e\u011fi<\/li>\n<li dir=\"ltr\" style=\"text-align: left;\">\u00dcretim yeri: T\u00fcrkiye<\/li>\n<li dir=\"ltr\" style=\"text-align: left;\">\u00dcr\u00fcn T\u00fcr\u00fc: Sprey<\/li>\n<\/ul>\n","protected":false},"featured_media":2084,"comment_status":"open","ping_status":"closed","template":"","meta":{"_acf_changed":false},"product_brand":[],"product_cat":[46,103],"product_tag":[],"class_list":{"0":"post-2231","1":"product","2":"type-product","3":"status-publish","4":"has-post-thumbnail","6":"product_cat-ortam-kokusu","7":"product_cat-yumosh-kokulu-spreyi","9":"first","10":"instock","11":"sale","12":"shipping-taxable","13":"purchasable","14":"product-type-simple"},"acf":[],"_links":{"self":[{"href":"https:\/\/eyfelplus.com\/tr\/wp-json\/wp\/v2\/product\/2231","targetHints":{"allow":["GET"]}}],"collection":[{"href":"https:\/\/eyfelplus.com\/tr\/wp-json\/wp\/v2\/product"}],"about":[{"href":"https:\/\/eyfelplus.com\/tr\/wp-json\/wp\/v2\/types\/product"}],"replies":[{"embeddable":true,"href":"https:\/\/eyfelplus.com\/tr\/wp-json\/wp\/v2\/comments?post=2231"}],"version-history":[{"count":2,"href":"https:\/\/eyfelplus.com\/tr\/wp-json\/wp\/v2\/product\/2231\/revisions"}],"predecessor-version":[{"id":2235,"href":"https:\/\/eyfelplus.com\/tr\/wp-json\/wp\/v2\/product\/2231\/revisions\/2235"}],"wp:featuredmedia":[{"embeddable":true,"href":"https:\/\/eyfelplus.com\/tr\/wp-json\/wp\/v2\/media\/2084"}],"wp:attachment":[{"href":"https:\/\/eyfelplus.com\/tr\/wp-json\/wp\/v2\/media?parent=2231"}],"wp:term":[{"taxonomy":"product_brand","embeddable":true,"href":"https:\/\/eyfelplus.com\/tr\/wp-json\/wp\/v2\/product_brand?post=2231"},{"taxonomy":"product_cat","embeddable":true,"href":"https:\/\/eyfelplus.com\/tr\/wp-json\/wp\/v2\/product_cat?post=2231"},{"taxonomy":"product_tag","embeddable":true,"href":"https:\/\/eyfelplus.com\/tr\/wp-json\/wp\/v2\/product_tag?post=2231"}],"curies":[{"name":"wp","href":"https:\/\/api.w.org\/{rel}","templated":true}]}}