{"id":2227,"date":"2024-08-11T13:51:51","date_gmt":"2024-08-11T09:21:51","guid":{"rendered":"https:\/\/eyfelplus.com\/product\/yumosh-bahar-kokulu-hava-spreyi\/"},"modified":"2024-12-15T20:08:57","modified_gmt":"2024-12-15T16:38:57","slug":"yumosh-bahar-kokulu-hava-spreyi","status":"publish","type":"product","link":"https:\/\/eyfelplus.com\/tr\/urun\/yumosh-bahar-kokulu-hava-spreyi\/","title":{"rendered":"Yumosh bahar kokulu hava spreyi"},"content":{"rendered":"<h2>Yumosh bahar kokulu hava spreyi<\/h2>\n<p>Yumus \u00e7ok kaliteli, en iyi T\u00fcrk markalar\u0131ndan biridir. Eiffel Plus \u015eirketi size her zaman mutlu bir hayat sunar. Bu sefer sevdikleriniz i\u00e7in bahar kokulu bir sivrisinek kovucumuz var.<\/p>\n<p>Yomush oda kokusu, ho\u015f bahar kokusuyla sevdikleriniz i\u00e7in keyifli bir ortam yarat\u0131r.<\/p>\n<p>Yumosh bahar kokulu hava spreyi<br \/>\nYumosh bahar kokulu hava spreyi<\/p>\n<p>Bu \u00fcr\u00fcn\u00fcn hacmi 260 ml olup, \u00e7e\u015fitli otomatik ve manuel p\u00fcsk\u00fcrtme cihazlar\u0131na monte edilebilir.<\/p>\n","protected":false},"excerpt":{"rendered":"<ul>\n<li>Hacim: 260 ml<\/li>\n<li>Koku: \u0130lkbahar (Rahatlat\u0131c\u0131 \u0130lkbahar)<\/li>\n<li>\u00dcretim yeri: T\u00fcrkiye<\/li>\n<li>\u00dcr\u00fcn T\u00fcr\u00fc: Sprey<\/li>\n<\/ul>\n","protected":false},"featured_media":2076,"comment_status":"open","ping_status":"closed","template":"","meta":{"_acf_changed":false},"product_brand":[],"product_cat":[46,103],"product_tag":[],"class_list":{"0":"post-2227","1":"product","2":"type-product","3":"status-publish","4":"has-post-thumbnail","6":"product_cat-ortam-kokusu","7":"product_cat-yumosh-kokulu-spreyi","9":"first","10":"instock","11":"sale","12":"shipping-taxable","13":"purchasable","14":"product-type-simple"},"acf":[],"_links":{"self":[{"href":"https:\/\/eyfelplus.com\/tr\/wp-json\/wp\/v2\/product\/2227","targetHints":{"allow":["GET"]}}],"collection":[{"href":"https:\/\/eyfelplus.com\/tr\/wp-json\/wp\/v2\/product"}],"about":[{"href":"https:\/\/eyfelplus.com\/tr\/wp-json\/wp\/v2\/types\/product"}],"replies":[{"embeddable":true,"href":"https:\/\/eyfelplus.com\/tr\/wp-json\/wp\/v2\/comments?post=2227"}],"version-history":[{"count":1,"href":"https:\/\/eyfelplus.com\/tr\/wp-json\/wp\/v2\/product\/2227\/revisions"}],"predecessor-version":[{"id":2229,"href":"https:\/\/eyfelplus.com\/tr\/wp-json\/wp\/v2\/product\/2227\/revisions\/2229"}],"wp:featuredmedia":[{"embeddable":true,"href":"https:\/\/eyfelplus.com\/tr\/wp-json\/wp\/v2\/media\/2076"}],"wp:attachment":[{"href":"https:\/\/eyfelplus.com\/tr\/wp-json\/wp\/v2\/media?parent=2227"}],"wp:term":[{"taxonomy":"product_brand","embeddable":true,"href":"https:\/\/eyfelplus.com\/tr\/wp-json\/wp\/v2\/product_brand?post=2227"},{"taxonomy":"product_cat","embeddable":true,"href":"https:\/\/eyfelplus.com\/tr\/wp-json\/wp\/v2\/product_cat?post=2227"},{"taxonomy":"product_tag","embeddable":true,"href":"https:\/\/eyfelplus.com\/tr\/wp-json\/wp\/v2\/product_tag?post=2227"}],"curies":[{"name":"wp","href":"https:\/\/api.w.org\/{rel}","templated":true}]}}