{"id":1158,"date":"1970-01-01T00:00:00","date_gmt":"1969-12-31T20:30:00","guid":{"rendered":"https:\/\/eyfelplus.com\/product\/%d8%ae%d9%88%d8%b4%d8%a8%d9%88-%da%a9%d9%86%d9%86%d8%af%d9%87-%d8%a7%db%8c%d9%81%d9%84-%d9%be%d9%84%d8%a7%d8%b3-%d8%a8%d8%a7-%d8%b1%d8%a7%db%8c%d8%ad%d9%87-%da%af%d9%84-%d8%a8%d8%b1%d9%81%db%8c\/"},"modified":"2023-08-22T00:57:00","modified_gmt":"2023-08-21T21:27:00","slug":"kar-cicegi-kokulu-eyfel-plus-oda-spreyi","status":"publish","type":"product","link":"https:\/\/eyfelplus.com\/tr\/urun\/kar-cicegi-kokulu-eyfel-plus-oda-spreyi\/","title":{"rendered":"Kar \u00e7i\u00e7e\u011fi kokulu Eyfel Plus oda spreyi"},"content":{"rendered":"<h2 dir=\"ltr\" style=\"text-align: left;\"><strong>Kar \u00e7i\u00e7e\u011fi kokulu Eyfel Plus oda spreyi<\/strong><\/h2>\n<ul>\n<li dir=\"ltr\" style=\"text-align: left;\">120 ml u\u00e7ucu ya\u011f<\/li>\n<li dir=\"ltr\" style=\"text-align: left;\">Ho\u015f ve ho\u015f bir aromaya ve antibakteriyel \u00f6zelliklere sahiptir.<\/li>\n<li dir=\"ltr\" style=\"text-align: left;\">Ticari, k\u00fclt\u00fcrel, spor ve t\u0131p merkezleri i\u00e7in uygun<\/li>\n<li dir=\"ltr\" style=\"text-align: left;\">Yat\u0131\u015ft\u0131r\u0131c\u0131, canland\u0131r\u0131c\u0131<\/li>\n<li dir=\"ltr\" style=\"text-align: left;\">Kar \u00e7i\u00e7e\u011fi oda spreyi yemekhaneler, mutfaklar, yatak odalar\u0131, banyolar i\u00e7in m\u00fckemmel bir se\u00e7enektir ve ticari, k\u00fclt\u00fcrel, spor ve t\u0131p merkezlerinin<\/li>\n<li dir=\"ltr\" style=\"text-align: left;\">\u00e7evreleri i\u00e7in de kullan\u0131labilir. Ho\u015f ve ho\u015f kokusu ve antibakteriyel \u00f6zelli\u011fi ile kar \u00e7i\u00e7e\u011fi oda spreyi sevdikleriniz i\u00e7in huzur ve ne\u015fe dolu bir ortam sa\u011flar.<\/li>\n<\/ul>\n","protected":false},"excerpt":{"rendered":"<p>Kar \u00e7i\u00e7e\u011fi kokulu Eyfel Plus oda spreyi 120 ml u\u00e7ucu ya\u011f Ho\u015f ve ho\u015f bir aromaya ve antibakteriyel \u00f6zelliklere sahiptir.<\/p>\n","protected":false},"featured_media":528,"comment_status":"open","ping_status":"closed","template":"","meta":{"_acf_changed":false},"product_brand":[],"product_cat":[74,54,51,46],"product_tag":[],"class_list":{"0":"post-1158","1":"product","2":"type-product","3":"status-publish","4":"has-post-thumbnail","6":"product_cat-cicekler-ve-bitkiler","7":"product_cat-ev-ortam-kokusu","8":"product_cat-ofis-ve-ticari-ortam-kokusu","9":"product_cat-ortam-kokusu","11":"first","12":"instock","13":"shipping-taxable","14":"purchasable","15":"product-type-simple"},"acf":[],"_links":{"self":[{"href":"https:\/\/eyfelplus.com\/tr\/wp-json\/wp\/v2\/product\/1158","targetHints":{"allow":["GET"]}}],"collection":[{"href":"https:\/\/eyfelplus.com\/tr\/wp-json\/wp\/v2\/product"}],"about":[{"href":"https:\/\/eyfelplus.com\/tr\/wp-json\/wp\/v2\/types\/product"}],"replies":[{"embeddable":true,"href":"https:\/\/eyfelplus.com\/tr\/wp-json\/wp\/v2\/comments?post=1158"}],"version-history":[{"count":1,"href":"https:\/\/eyfelplus.com\/tr\/wp-json\/wp\/v2\/product\/1158\/revisions"}],"predecessor-version":[{"id":1160,"href":"https:\/\/eyfelplus.com\/tr\/wp-json\/wp\/v2\/product\/1158\/revisions\/1160"}],"wp:featuredmedia":[{"embeddable":true,"href":"https:\/\/eyfelplus.com\/tr\/wp-json\/wp\/v2\/media\/528"}],"wp:attachment":[{"href":"https:\/\/eyfelplus.com\/tr\/wp-json\/wp\/v2\/media?parent=1158"}],"wp:term":[{"taxonomy":"product_brand","embeddable":true,"href":"https:\/\/eyfelplus.com\/tr\/wp-json\/wp\/v2\/product_brand?post=1158"},{"taxonomy":"product_cat","embeddable":true,"href":"https:\/\/eyfelplus.com\/tr\/wp-json\/wp\/v2\/product_cat?post=1158"},{"taxonomy":"product_tag","embeddable":true,"href":"https:\/\/eyfelplus.com\/tr\/wp-json\/wp\/v2\/product_tag?post=1158"}],"curies":[{"name":"wp","href":"https:\/\/api.w.org\/{rel}","templated":true}]}}