{"id":1146,"date":"1970-01-01T00:00:00","date_gmt":"1969-12-31T20:30:00","guid":{"rendered":"https:\/\/eyfelplus.com\/product\/tropical-forest-scented-air-freshener\/"},"modified":"2025-05-27T10:56:41","modified_gmt":"2025-05-27T07:26:41","slug":"tropikal-orman-kokulu-hava-ferahligi","status":"publish","type":"product","link":"https:\/\/eyfelplus.com\/tr\/urun\/tropikal-orman-kokulu-hava-ferahligi\/","title":{"rendered":"Tropikal Orman Kokulu Hava Ferahl\u0131\u011f\u0131"},"content":{"rendered":"<h2 dir=\"ltr\">Tropikal Orman Kokulu Hava Ferahl\u0131\u011f\u0131<\/h2>\n<p dir=\"ltr\">\n\u2022 120 ml esans ya\u011f\u0131<br \/>\n\u2022 Orman ve tropikal meyvelerin kokusunu ta\u015f\u0131yan bir koku<br \/>\n\u2022 Yatak odalar\u0131, mutfaklar ve i\u015f mekanlar\u0131 i\u00e7in uygun<br \/>\n\u2022 Konut kompleksleri i\u00e7in uygun<br \/>\n\u2022 G\u00fczellik salonlar\u0131, hizmet noktalar\u0131, spor kul\u00fcpleri, masaj salonlar\u0131 vb. yerlerde kullan\u0131labilir<br \/>\n\u2022 Tropikal orman kokulu hava ferahl\u0131\u011f\u0131, toplant\u0131lar, okuma ve \u00e7al\u0131\u015fma zaman\u0131, yatak odalar\u0131, mutfaklar, banyolar ve bina koridorlar\u0131nda kullan\u0131labilir. Tropikal orman aromas\u0131 ho\u015f ve taze bir koku getirir, canland\u0131r\u0131r ve haf\u0131zay\u0131 art\u0131r\u0131r, huzur verir ve g\u00fc\u00e7 hissini art\u0131r\u0131r.<\/p>\n","protected":false},"excerpt":{"rendered":"<p>Tropikal Orman Kokulu Hava Ferahl\u0131\u011f\u0131 \u2022 120 ml esans ya\u011f\u0131 \u2022 Orman ve tropikal meyvelerin kokusunu ta\u015f\u0131yan bir koku \u2022<\/p>\n","protected":false},"featured_media":525,"comment_status":"open","ping_status":"closed","template":"","meta":{"_acf_changed":false},"product_brand":[],"product_cat":[64,54,58,51,46],"product_tag":[],"class_list":{"0":"post-1146","1":"product","2":"type-product","3":"status-publish","4":"has-post-thumbnail","6":"product_cat-doga","7":"product_cat-ev-ortam-kokusu","8":"product_cat-genel-ortam-kokusu","9":"product_cat-ofis-ve-ticari-ortam-kokusu","10":"product_cat-ortam-kokusu","12":"first","13":"instock","14":"shipping-taxable","15":"purchasable","16":"product-type-simple"},"acf":[],"_links":{"self":[{"href":"https:\/\/eyfelplus.com\/tr\/wp-json\/wp\/v2\/product\/1146","targetHints":{"allow":["GET"]}}],"collection":[{"href":"https:\/\/eyfelplus.com\/tr\/wp-json\/wp\/v2\/product"}],"about":[{"href":"https:\/\/eyfelplus.com\/tr\/wp-json\/wp\/v2\/types\/product"}],"replies":[{"embeddable":true,"href":"https:\/\/eyfelplus.com\/tr\/wp-json\/wp\/v2\/comments?post=1146"}],"version-history":[{"count":2,"href":"https:\/\/eyfelplus.com\/tr\/wp-json\/wp\/v2\/product\/1146\/revisions"}],"predecessor-version":[{"id":1148,"href":"https:\/\/eyfelplus.com\/tr\/wp-json\/wp\/v2\/product\/1146\/revisions\/1148"}],"wp:featuredmedia":[{"embeddable":true,"href":"https:\/\/eyfelplus.com\/tr\/wp-json\/wp\/v2\/media\/525"}],"wp:attachment":[{"href":"https:\/\/eyfelplus.com\/tr\/wp-json\/wp\/v2\/media?parent=1146"}],"wp:term":[{"taxonomy":"product_brand","embeddable":true,"href":"https:\/\/eyfelplus.com\/tr\/wp-json\/wp\/v2\/product_brand?post=1146"},{"taxonomy":"product_cat","embeddable":true,"href":"https:\/\/eyfelplus.com\/tr\/wp-json\/wp\/v2\/product_cat?post=1146"},{"taxonomy":"product_tag","embeddable":true,"href":"https:\/\/eyfelplus.com\/tr\/wp-json\/wp\/v2\/product_tag?post=1146"}],"curies":[{"name":"wp","href":"https:\/\/api.w.org\/{rel}","templated":true}]}}