{"id":1134,"date":"1970-01-01T00:00:00","date_gmt":"1969-12-31T20:30:00","guid":{"rendered":"https:\/\/eyfelplus.com\/product\/lilac-scented-air-freshener\/"},"modified":"2025-05-27T10:56:41","modified_gmt":"2025-05-27T07:26:41","slug":"lila-kokulu-hava-ferahligi","status":"publish","type":"product","link":"https:\/\/eyfelplus.com\/tr\/urun\/lila-kokulu-hava-ferahligi\/","title":{"rendered":"Lila Kokulu Hava Ferahl\u0131\u011f\u0131"},"content":{"rendered":"<h2 dir=\"ltr\">Lila Kokulu Hava Ferahl\u0131\u011f\u0131<\/h2>\n<p dir=\"ltr\">\n\u2022 120 ml esans ya\u011f\u0131<br \/>\n\u2022 Lila ile hafif ve kal\u0131c\u0131 bir koku ta\u015f\u0131r<br \/>\n\u2022 S\u0131cak yaz mevsimi i\u00e7in uygun<br \/>\n\u2022 Yatak odalar\u0131 ve misafir odalar\u0131 i\u00e7in uygun<br \/>\n\u2022 Lilan\u0131n nazik ve saf kokusu bahar\u0131n canl\u0131l\u0131\u011f\u0131n\u0131 an\u0131msat\u0131r, bu da onu kad\u0131n parf\u00fcmleri i\u00e7in olduk\u00e7a uygun hale getirir. Kad\u0131n parf\u00fcmlerinde en pop\u00fcler bile\u015fenlerden biridir. Hava ferahl\u0131\u011f\u0131 (lila) kullanmak, evinize ho\u015f bir koku ve esans getirebilir ve kap\u0131dan i\u00e7eri giren misafirleri kar\u015f\u0131layabilir.<\/p>\n","protected":false},"excerpt":{"rendered":"<p>Lila Kokulu Hava Ferahl\u0131\u011f\u0131 \u2022 120 ml esans ya\u011f\u0131 \u2022 Lila ile hafif ve kal\u0131c\u0131 bir koku ta\u015f\u0131r \u2022 S\u0131cak<\/p>\n","protected":false},"featured_media":516,"comment_status":"open","ping_status":"closed","template":"","meta":{"_acf_changed":false},"product_brand":[],"product_cat":[74,54,46],"product_tag":[],"class_list":{"0":"post-1134","1":"product","2":"type-product","3":"status-publish","4":"has-post-thumbnail","6":"product_cat-cicekler-ve-bitkiler","7":"product_cat-ev-ortam-kokusu","8":"product_cat-ortam-kokusu","10":"first","11":"instock","12":"shipping-taxable","13":"purchasable","14":"product-type-simple"},"acf":[],"_links":{"self":[{"href":"https:\/\/eyfelplus.com\/tr\/wp-json\/wp\/v2\/product\/1134","targetHints":{"allow":["GET"]}}],"collection":[{"href":"https:\/\/eyfelplus.com\/tr\/wp-json\/wp\/v2\/product"}],"about":[{"href":"https:\/\/eyfelplus.com\/tr\/wp-json\/wp\/v2\/types\/product"}],"replies":[{"embeddable":true,"href":"https:\/\/eyfelplus.com\/tr\/wp-json\/wp\/v2\/comments?post=1134"}],"version-history":[{"count":3,"href":"https:\/\/eyfelplus.com\/tr\/wp-json\/wp\/v2\/product\/1134\/revisions"}],"predecessor-version":[{"id":1136,"href":"https:\/\/eyfelplus.com\/tr\/wp-json\/wp\/v2\/product\/1134\/revisions\/1136"}],"wp:featuredmedia":[{"embeddable":true,"href":"https:\/\/eyfelplus.com\/tr\/wp-json\/wp\/v2\/media\/516"}],"wp:attachment":[{"href":"https:\/\/eyfelplus.com\/tr\/wp-json\/wp\/v2\/media?parent=1134"}],"wp:term":[{"taxonomy":"product_brand","embeddable":true,"href":"https:\/\/eyfelplus.com\/tr\/wp-json\/wp\/v2\/product_brand?post=1134"},{"taxonomy":"product_cat","embeddable":true,"href":"https:\/\/eyfelplus.com\/tr\/wp-json\/wp\/v2\/product_cat?post=1134"},{"taxonomy":"product_tag","embeddable":true,"href":"https:\/\/eyfelplus.com\/tr\/wp-json\/wp\/v2\/product_tag?post=1134"}],"curies":[{"name":"wp","href":"https:\/\/api.w.org\/{rel}","templated":true}]}}