{"id":1121,"date":"1970-01-01T00:00:00","date_gmt":"1969-12-31T20:30:00","guid":{"rendered":"https:\/\/eyfelplus.com\/product\/ocean-scented-air-freshener\/"},"modified":"2023-08-20T20:26:18","modified_gmt":"2023-08-20T16:56:18","slug":"okyanus-kokulu-hava-ferahligi","status":"publish","type":"product","link":"https:\/\/eyfelplus.com\/tr\/urun\/okyanus-kokulu-hava-ferahligi\/","title":{"rendered":"Okyanus Kokulu Hava Ferahl\u0131\u011f\u0131"},"content":{"rendered":"<h2 dir=\"ltr\">Okyanus Kokulu Hava Ferahl\u0131\u011f\u0131<\/h2>\n<p dir=\"ltr\">\n\u2022 120 ml esans ya\u011f\u0131<br \/>\n\u2022 Serinletici ve ferahlat\u0131c\u0131 bir koku<br \/>\n\u2022 Uzun s\u00fcreli aroma<br \/>\n\u2022 Enerjik ve canland\u0131r\u0131c\u0131 bir ortam yarat\u0131r<br \/>\n\u2022 Okyanus kokulu hava ferahl\u0131\u011f\u0131, deniz ve okyanusun b\u00fcy\u00fcleyici kokusunu yan\u0131nda getirir ve \u00e7evreyi denizin rahatlat\u0131c\u0131 kokusuyla doldurur. Hava ferahl\u0131\u011f\u0131 cihazlar\u0131 kullanarak \u00e7e\u015fitli ortamlar\u0131 kokuland\u0131rmak g\u00fcn\u00fcm\u00fczde yayg\u0131n bir uygulama haline geldi, ancak hava ferahl\u0131\u011f\u0131 sat\u0131n al\u0131nd\u0131ktan sonra en \u00f6nemli \u015fey, \u00e7evre i\u00e7in do\u011fru kokuyu se\u00e7mektir. Okyanus esans\u0131 ortam\u0131 ho\u015f bir kokuyla zenginle\u015ftirir, iyi hissetme ve canl\u0131l\u0131k duygusu yarat\u0131r. Tazelik, canl\u0131l\u0131k ve serin bir koku, bu esans\u0131n temel \u00f6zellikleri aras\u0131ndad\u0131r ve spor salonlar\u0131 gibi y\u00fcksek fiziksel aktivite seviyelerine sahip ortamlar i\u00e7in uygundur.<\/p>\n","protected":false},"excerpt":{"rendered":"<p>Okyanus Kokulu Hava Ferahl\u0131\u011f\u0131 \u2022 120 ml esans ya\u011f\u0131 \u2022 Serinletici ve ferahlat\u0131c\u0131 bir koku \u2022 Uzun s\u00fcreli aroma \u2022<\/p>\n","protected":false},"featured_media":543,"comment_status":"open","ping_status":"closed","template":"","meta":{"_acf_changed":false},"product_brand":[],"product_cat":[64,58,46],"product_tag":[],"class_list":{"0":"post-1121","1":"product","2":"type-product","3":"status-publish","4":"has-post-thumbnail","6":"product_cat-doga","7":"product_cat-genel-ortam-kokusu","8":"product_cat-ortam-kokusu","10":"first","11":"instock","12":"shipping-taxable","13":"purchasable","14":"product-type-simple"},"acf":[],"_links":{"self":[{"href":"https:\/\/eyfelplus.com\/tr\/wp-json\/wp\/v2\/product\/1121","targetHints":{"allow":["GET"]}}],"collection":[{"href":"https:\/\/eyfelplus.com\/tr\/wp-json\/wp\/v2\/product"}],"about":[{"href":"https:\/\/eyfelplus.com\/tr\/wp-json\/wp\/v2\/types\/product"}],"replies":[{"embeddable":true,"href":"https:\/\/eyfelplus.com\/tr\/wp-json\/wp\/v2\/comments?post=1121"}],"version-history":[{"count":3,"href":"https:\/\/eyfelplus.com\/tr\/wp-json\/wp\/v2\/product\/1121\/revisions"}],"predecessor-version":[{"id":1124,"href":"https:\/\/eyfelplus.com\/tr\/wp-json\/wp\/v2\/product\/1121\/revisions\/1124"}],"wp:featuredmedia":[{"embeddable":true,"href":"https:\/\/eyfelplus.com\/tr\/wp-json\/wp\/v2\/media\/543"}],"wp:attachment":[{"href":"https:\/\/eyfelplus.com\/tr\/wp-json\/wp\/v2\/media?parent=1121"}],"wp:term":[{"taxonomy":"product_brand","embeddable":true,"href":"https:\/\/eyfelplus.com\/tr\/wp-json\/wp\/v2\/product_brand?post=1121"},{"taxonomy":"product_cat","embeddable":true,"href":"https:\/\/eyfelplus.com\/tr\/wp-json\/wp\/v2\/product_cat?post=1121"},{"taxonomy":"product_tag","embeddable":true,"href":"https:\/\/eyfelplus.com\/tr\/wp-json\/wp\/v2\/product_tag?post=1121"}],"curies":[{"name":"wp","href":"https:\/\/api.w.org\/{rel}","templated":true}]}}