{"id":1106,"date":"1970-01-01T00:00:00","date_gmt":"1969-12-31T20:30:00","guid":{"rendered":"https:\/\/eyfelplus.com\/product\/flower-garden-scented-air-freshener\/"},"modified":"2023-08-20T20:09:48","modified_gmt":"2023-08-20T16:39:48","slug":"cicek-bahcesi-kokulu-hava-ferahligi","status":"publish","type":"product","link":"https:\/\/eyfelplus.com\/tr\/urun\/cicek-bahcesi-kokulu-hava-ferahligi\/","title":{"rendered":"\u00c7i\u00e7ek Bah\u00e7esi Kokulu Hava Ferahl\u0131\u011f\u0131"},"content":{"rendered":"<h2 dir=\"ltr\">\u00c7i\u00e7ek Bah\u00e7esi Kokulu Hava Ferahl\u0131\u011f\u0131<\/h2>\n<p dir=\"ltr\">\u2022 120 ml esans ya\u011f\u0131<br \/>\n\u2022 \u00c7i\u00e7ek ve aromatik bitkilerin kokusunu ta\u015f\u0131r<br \/>\n\u2022 Yatak odalar\u0131, oteller, i\u015f yerleri i\u00e7in uygundur<br \/>\n\u2022 Sakinle\u015ftirici, canland\u0131r\u0131c\u0131<br \/>\n\u2022 \u00c7i\u00e7ek Bah\u00e7esi kokulu hava ferahl\u0131\u011f\u0131 taze ve rahatlat\u0131c\u0131 bir kokuyu ta\u015f\u0131r, odalar\u0131, i\u015f yerlerini, otelleri, resepsiyonlar\u0131, konferans salonlar\u0131n\u0131 ve daha fazlas\u0131n\u0131 tazelemek ve huzur dolu bir atmosfer olu\u015fturmak i\u00e7in uygundur. \u00d6zel kokumuzla ev dekorasyonumuzu s\u00fcsleyebilir ve sevdiklerimize huzurlu bir mekan yaratabiliriz.<\/p>\n","protected":false},"excerpt":{"rendered":"<p>\u00c7i\u00e7ek Bah\u00e7esi Kokulu Hava Ferahl\u0131\u011f\u0131 \u2022 120 ml esans ya\u011f\u0131 \u2022 \u00c7i\u00e7ek ve aromatik bitkilerin kokusunu ta\u015f\u0131r \u2022 Yatak odalar\u0131,<\/p>\n","protected":false},"featured_media":498,"comment_status":"closed","ping_status":"closed","template":"","meta":{"_acf_changed":false},"product_brand":[],"product_cat":[74,54,58,51,46],"product_tag":[],"class_list":{"0":"post-1106","1":"product","2":"type-product","3":"status-publish","4":"has-post-thumbnail","6":"product_cat-cicekler-ve-bitkiler","7":"product_cat-ev-ortam-kokusu","8":"product_cat-genel-ortam-kokusu","9":"product_cat-ofis-ve-ticari-ortam-kokusu","10":"product_cat-ortam-kokusu","12":"first","13":"instock","14":"shipping-taxable","15":"purchasable","16":"product-type-simple"},"acf":[],"_links":{"self":[{"href":"https:\/\/eyfelplus.com\/tr\/wp-json\/wp\/v2\/product\/1106","targetHints":{"allow":["GET"]}}],"collection":[{"href":"https:\/\/eyfelplus.com\/tr\/wp-json\/wp\/v2\/product"}],"about":[{"href":"https:\/\/eyfelplus.com\/tr\/wp-json\/wp\/v2\/types\/product"}],"replies":[{"embeddable":true,"href":"https:\/\/eyfelplus.com\/tr\/wp-json\/wp\/v2\/comments?post=1106"}],"version-history":[{"count":5,"href":"https:\/\/eyfelplus.com\/tr\/wp-json\/wp\/v2\/product\/1106\/revisions"}],"predecessor-version":[{"id":1111,"href":"https:\/\/eyfelplus.com\/tr\/wp-json\/wp\/v2\/product\/1106\/revisions\/1111"}],"wp:featuredmedia":[{"embeddable":true,"href":"https:\/\/eyfelplus.com\/tr\/wp-json\/wp\/v2\/media\/498"}],"wp:attachment":[{"href":"https:\/\/eyfelplus.com\/tr\/wp-json\/wp\/v2\/media?parent=1106"}],"wp:term":[{"taxonomy":"product_brand","embeddable":true,"href":"https:\/\/eyfelplus.com\/tr\/wp-json\/wp\/v2\/product_brand?post=1106"},{"taxonomy":"product_cat","embeddable":true,"href":"https:\/\/eyfelplus.com\/tr\/wp-json\/wp\/v2\/product_cat?post=1106"},{"taxonomy":"product_tag","embeddable":true,"href":"https:\/\/eyfelplus.com\/tr\/wp-json\/wp\/v2\/product_tag?post=1106"}],"curies":[{"name":"wp","href":"https:\/\/api.w.org\/{rel}","templated":true}]}}