{"id":1091,"date":"1970-01-01T00:00:00","date_gmt":"1969-12-31T20:30:00","guid":{"rendered":"https:\/\/eyfelplus.com\/product\/air-freshener-with-seaweed-scent\/"},"modified":"2025-05-27T10:56:40","modified_gmt":"2025-05-27T07:26:40","slug":"deniz-yosunu-kokulu-hava-ferahlaticisi","status":"publish","type":"product","link":"https:\/\/eyfelplus.com\/tr\/urun\/deniz-yosunu-kokulu-hava-ferahlaticisi\/","title":{"rendered":"Deniz Yosunu Kokulu Hava Ferahlat\u0131c\u0131s\u0131"},"content":{"rendered":"<h2 dir=\"ltr\">Deniz Yosunu Kokulu Hava Ferahlat\u0131c\u0131s\u0131<\/h2>\n<p dir=\"ltr\">\n\u2022 120 ml esans i\u00e7erir<br \/>\n\u2022 Benzersiz ve canland\u0131r\u0131c\u0131 bir koku sahiptir<br \/>\n\u2022 Spor salonlar\u0131, i\u015fyerleri ve daha fazlas\u0131 i\u00e7in uygundur<br \/>\n\u2022 Deniz yosunu kokulu hava ferahlat\u0131c\u0131s\u0131, alan\u0131n\u0131z\u0131 deniz ve toprak kokulu deniz yosunuyla doldurabilen bir \u00fcr\u00fcnd\u00fcr. Deniz yosunu, okyanusta b\u00fcy\u00fcyen bir alg t\u00fcr\u00fcd\u00fcr ve deniz, do\u011fa ve tazelik hissi uyand\u0131ran belirgin bir kokuya sahiptir. Baz\u0131 insanlar deniz yosunu kokusunu sakinle\u015ftirici, canland\u0131r\u0131c\u0131 veya nostaljik bulabilir.<\/p>\n","protected":false},"excerpt":{"rendered":"<p>Deniz Yosunu Kokulu Hava Ferahlat\u0131c\u0131s\u0131 \u2022 120 ml esans i\u00e7erir \u2022 Benzersiz ve canland\u0131r\u0131c\u0131 bir koku sahiptir \u2022 Spor salonlar\u0131,<\/p>\n","protected":false},"featured_media":531,"comment_status":"open","ping_status":"closed","template":"","meta":{"_acf_changed":false},"product_brand":[],"product_cat":[74,64,51,46],"product_tag":[],"class_list":{"0":"post-1091","1":"product","2":"type-product","3":"status-publish","4":"has-post-thumbnail","6":"product_cat-cicekler-ve-bitkiler","7":"product_cat-doga","8":"product_cat-ofis-ve-ticari-ortam-kokusu","9":"product_cat-ortam-kokusu","11":"first","12":"instock","13":"shipping-taxable","14":"purchasable","15":"product-type-simple"},"acf":[],"_links":{"self":[{"href":"https:\/\/eyfelplus.com\/tr\/wp-json\/wp\/v2\/product\/1091","targetHints":{"allow":["GET"]}}],"collection":[{"href":"https:\/\/eyfelplus.com\/tr\/wp-json\/wp\/v2\/product"}],"about":[{"href":"https:\/\/eyfelplus.com\/tr\/wp-json\/wp\/v2\/types\/product"}],"replies":[{"embeddable":true,"href":"https:\/\/eyfelplus.com\/tr\/wp-json\/wp\/v2\/comments?post=1091"}],"version-history":[{"count":4,"href":"https:\/\/eyfelplus.com\/tr\/wp-json\/wp\/v2\/product\/1091\/revisions"}],"predecessor-version":[{"id":1095,"href":"https:\/\/eyfelplus.com\/tr\/wp-json\/wp\/v2\/product\/1091\/revisions\/1095"}],"wp:featuredmedia":[{"embeddable":true,"href":"https:\/\/eyfelplus.com\/tr\/wp-json\/wp\/v2\/media\/531"}],"wp:attachment":[{"href":"https:\/\/eyfelplus.com\/tr\/wp-json\/wp\/v2\/media?parent=1091"}],"wp:term":[{"taxonomy":"product_brand","embeddable":true,"href":"https:\/\/eyfelplus.com\/tr\/wp-json\/wp\/v2\/product_brand?post=1091"},{"taxonomy":"product_cat","embeddable":true,"href":"https:\/\/eyfelplus.com\/tr\/wp-json\/wp\/v2\/product_cat?post=1091"},{"taxonomy":"product_tag","embeddable":true,"href":"https:\/\/eyfelplus.com\/tr\/wp-json\/wp\/v2\/product_tag?post=1091"}],"curies":[{"name":"wp","href":"https:\/\/api.w.org\/{rel}","templated":true}]}}