{"id":1077,"date":"1970-01-01T00:00:00","date_gmt":"1969-12-31T20:30:00","guid":{"rendered":"https:\/\/eyfelplus.com\/product\/air-freshener-with-lavender-scent\/"},"modified":"2025-05-27T10:56:40","modified_gmt":"2025-05-27T07:26:40","slug":"lavanta-kokulu-hava-ferahlaticisi","status":"publish","type":"product","link":"https:\/\/eyfelplus.com\/tr\/urun\/lavanta-kokulu-hava-ferahlaticisi\/","title":{"rendered":"Lavanta Kokulu Hava Ferahlat\u0131c\u0131s\u0131"},"content":{"rendered":"<h2 dir=\"ltr\">Lavanta Kokulu Hava Ferahlat\u0131c\u0131s\u0131<\/h2>\n<p dir=\"ltr\">\u2022 120 ml esans i\u00e7erir<br \/>\n\u2022 Hafif ve tatl\u0131 bir koku sahiptir<br \/>\n\u2022 Evler ve banyolar i\u00e7in uygundur<br \/>\n\u2022 Sakinle\u015ftirici \u00f6zelliklere sahiptir<br \/>\n\u2022 Tan\u0131d\u0131k bir koku<br \/>\n\u2022 Lavanta kokulu hava ferahlat\u0131c\u0131s\u0131, esas olarak lavanta esans\u0131 olan lavanta esans\u0131, spor kul\u00fcplerini, otelleri, ofisleri, \u015firketleri ve daha fazlas\u0131n\u0131 ferahlatmak i\u00e7in kullan\u0131l\u0131r. Bu t\u00fcr bir esans, son derece aromatik ve ola\u011fan\u00fcst\u00fc bitkilerden yap\u0131lm\u0131\u015ft\u0131r ve bunu kullanarak istedi\u011finiz ortamlar\u0131 ho\u015f kokulu hale getirebilir, zihinsel ve fiziksel rahatlama sa\u011flayabilirsiniz. \u00c7e\u015fitli nedenlerle endi\u015fe ve kayg\u0131 ya\u015f\u0131yorsan\u0131z, lavanta kokulu hava ferahlat\u0131c\u0131s\u0131 kayg\u0131 ve endi\u015felerinizi hafifletmeye yard\u0131mc\u0131 olabilir. Unutulmamal\u0131d\u0131r ki lavanta, ho\u015f bir kokuya sahip en sevilen bitkilerden biri olan \u00e7ok \u00fcnl\u00fc bir bitkinin ad\u0131d\u0131r.<\/p>\n","protected":false},"excerpt":{"rendered":"<p>Lavanta Kokulu Hava Ferahlat\u0131c\u0131s\u0131 \u2022 120 ml esans i\u00e7erir \u2022 Hafif ve tatl\u0131 bir koku sahiptir \u2022 Evler ve banyolar<\/p>\n","protected":false},"featured_media":513,"comment_status":"open","ping_status":"closed","template":"","meta":{"_acf_changed":false},"product_brand":[],"product_cat":[74,51,46],"product_tag":[],"class_list":{"0":"post-1077","1":"product","2":"type-product","3":"status-publish","4":"has-post-thumbnail","6":"product_cat-cicekler-ve-bitkiler","7":"product_cat-ofis-ve-ticari-ortam-kokusu","8":"product_cat-ortam-kokusu","10":"first","11":"instock","12":"shipping-taxable","13":"purchasable","14":"product-type-simple"},"acf":[],"_links":{"self":[{"href":"https:\/\/eyfelplus.com\/tr\/wp-json\/wp\/v2\/product\/1077","targetHints":{"allow":["GET"]}}],"collection":[{"href":"https:\/\/eyfelplus.com\/tr\/wp-json\/wp\/v2\/product"}],"about":[{"href":"https:\/\/eyfelplus.com\/tr\/wp-json\/wp\/v2\/types\/product"}],"replies":[{"embeddable":true,"href":"https:\/\/eyfelplus.com\/tr\/wp-json\/wp\/v2\/comments?post=1077"}],"version-history":[{"count":3,"href":"https:\/\/eyfelplus.com\/tr\/wp-json\/wp\/v2\/product\/1077\/revisions"}],"predecessor-version":[{"id":1080,"href":"https:\/\/eyfelplus.com\/tr\/wp-json\/wp\/v2\/product\/1077\/revisions\/1080"}],"wp:featuredmedia":[{"embeddable":true,"href":"https:\/\/eyfelplus.com\/tr\/wp-json\/wp\/v2\/media\/513"}],"wp:attachment":[{"href":"https:\/\/eyfelplus.com\/tr\/wp-json\/wp\/v2\/media?parent=1077"}],"wp:term":[{"taxonomy":"product_brand","embeddable":true,"href":"https:\/\/eyfelplus.com\/tr\/wp-json\/wp\/v2\/product_brand?post=1077"},{"taxonomy":"product_cat","embeddable":true,"href":"https:\/\/eyfelplus.com\/tr\/wp-json\/wp\/v2\/product_cat?post=1077"},{"taxonomy":"product_tag","embeddable":true,"href":"https:\/\/eyfelplus.com\/tr\/wp-json\/wp\/v2\/product_tag?post=1077"}],"curies":[{"name":"wp","href":"https:\/\/api.w.org\/{rel}","templated":true}]}}