{"id":1066,"date":"1970-01-01T00:00:00","date_gmt":"1969-12-31T20:30:00","guid":{"rendered":"https:\/\/eyfelplus.com\/product\/red-dragon-scented-air-freshener\/"},"modified":"2025-05-27T10:56:40","modified_gmt":"2025-05-27T07:26:40","slug":"kirmizi-ejderha-kokulu-hava-ferahligi","status":"publish","type":"product","link":"https:\/\/eyfelplus.com\/tr\/urun\/kirmizi-ejderha-kokulu-hava-ferahligi\/","title":{"rendered":"K\u0131rm\u0131z\u0131 Ejderha Kokulu Hava Ferahl\u0131\u011f\u0131"},"content":{"rendered":"<h2 dir=\"ltr\">K\u0131rm\u0131z\u0131 Ejderha Kokulu Hava Ferahl\u0131\u011f\u0131<\/h2>\n<p dir=\"ltr\">\n\u2022 120 ml esans ya\u011f\u0131<br \/>\n\u2022 Badem, portakal, zambak, deri, amber ve Hint nanesi kokusu ta\u015f\u0131r<br \/>\n\u2022 Ev, i\u015f yeri, masaj salonlar\u0131, spor kul\u00fcpleri ve oteller i\u00e7in uygundur<br \/>\n\u2022 Stres giderici, sakinle\u015ftirici ve canland\u0131r\u0131c\u0131<\/p>\n","protected":false},"excerpt":{"rendered":"<p>K\u0131rm\u0131z\u0131 Ejderha Kokulu Hava Ferahl\u0131\u011f\u0131 \u2022 120 ml esans ya\u011f\u0131 \u2022 Badem, portakal, zambak, deri, amber ve Hint nanesi kokusu<\/p>\n","protected":false},"featured_media":534,"comment_status":"open","ping_status":"closed","template":"","meta":{"_acf_changed":false},"product_brand":[],"product_cat":[54,69,58,51,46],"product_tag":[],"class_list":{"0":"post-1066","1":"product","2":"type-product","3":"status-publish","4":"has-post-thumbnail","6":"product_cat-ev-ortam-kokusu","7":"product_cat-fantezi","8":"product_cat-genel-ortam-kokusu","9":"product_cat-ofis-ve-ticari-ortam-kokusu","10":"product_cat-ortam-kokusu","12":"first","13":"instock","14":"shipping-taxable","15":"purchasable","16":"product-type-simple"},"acf":[],"_links":{"self":[{"href":"https:\/\/eyfelplus.com\/tr\/wp-json\/wp\/v2\/product\/1066","targetHints":{"allow":["GET"]}}],"collection":[{"href":"https:\/\/eyfelplus.com\/tr\/wp-json\/wp\/v2\/product"}],"about":[{"href":"https:\/\/eyfelplus.com\/tr\/wp-json\/wp\/v2\/types\/product"}],"replies":[{"embeddable":true,"href":"https:\/\/eyfelplus.com\/tr\/wp-json\/wp\/v2\/comments?post=1066"}],"version-history":[{"count":3,"href":"https:\/\/eyfelplus.com\/tr\/wp-json\/wp\/v2\/product\/1066\/revisions"}],"predecessor-version":[{"id":1069,"href":"https:\/\/eyfelplus.com\/tr\/wp-json\/wp\/v2\/product\/1066\/revisions\/1069"}],"wp:featuredmedia":[{"embeddable":true,"href":"https:\/\/eyfelplus.com\/tr\/wp-json\/wp\/v2\/media\/534"}],"wp:attachment":[{"href":"https:\/\/eyfelplus.com\/tr\/wp-json\/wp\/v2\/media?parent=1066"}],"wp:term":[{"taxonomy":"product_brand","embeddable":true,"href":"https:\/\/eyfelplus.com\/tr\/wp-json\/wp\/v2\/product_brand?post=1066"},{"taxonomy":"product_cat","embeddable":true,"href":"https:\/\/eyfelplus.com\/tr\/wp-json\/wp\/v2\/product_cat?post=1066"},{"taxonomy":"product_tag","embeddable":true,"href":"https:\/\/eyfelplus.com\/tr\/wp-json\/wp\/v2\/product_tag?post=1066"}],"curies":[{"name":"wp","href":"https:\/\/api.w.org\/{rel}","templated":true}]}}