{"id":1053,"date":"1970-01-01T00:00:00","date_gmt":"1969-12-31T20:30:00","guid":{"rendered":"https:\/\/eyfelplus.com\/product\/air-freshener-with-vanilla-scent\/"},"modified":"2025-05-27T10:56:41","modified_gmt":"2025-05-27T07:26:41","slug":"vanilya-kokulu-hava-ferahlaticisi","status":"publish","type":"product","link":"https:\/\/eyfelplus.com\/tr\/urun\/vanilya-kokulu-hava-ferahlaticisi\/","title":{"rendered":"Vanilya Kokulu Hava Ferahlat\u0131c\u0131s\u0131"},"content":{"rendered":"<h2 dir=\"ltr\">Vanilya Kokulu Hava Ferahlat\u0131c\u0131s\u0131<\/h2>\n<p dir=\"ltr\">\n\u2022 120 ml esans i\u00e7erir<br \/>\n\u2022 Tatl\u0131 ve s\u0131cak bir koku sahiptir<br \/>\n\u2022 Hava ferahlat\u0131c\u0131 cihazlarla uyumludur<br \/>\n\u2022 Pastaneler, kafeler ve oteller i\u00e7in uygundur<br \/>\n\u2022 Vanilya hava ferahlat\u0131c\u0131 esans\u0131, yenilebilir esanslar kategorisine girer ve vanilya, kek ve pastalar\u0131n yap\u0131m\u0131nda temel bile\u015fenlerden biri olmas\u0131 nedeniyle pastane ve f\u0131r\u0131n end\u00fcstrisinde yayg\u0131n olarak kullan\u0131l\u0131r. Ayn\u0131 zamanda t\u00fcm kek ve pasta d\u00fckkanlar\u0131, marketler, restoranlar ve otellerde kullan\u0131l\u0131r. Ayr\u0131ca, vanilya esans\u0131 sat\u0131n almak, \u00f6zellikle y\u00f6neticilerin ofislerinde bu kokuyu kullanmak i\u00e7in son derece uygun bir se\u00e7enektir.<\/p>\n","protected":false},"excerpt":{"rendered":"<p>Vanilya Kokulu Hava Ferahlat\u0131c\u0131s\u0131 \u2022 120 ml esans i\u00e7erir \u2022 Tatl\u0131 ve s\u0131cak bir koku sahiptir \u2022 Hava ferahlat\u0131c\u0131 cihazlarla<\/p>\n","protected":false},"featured_media":510,"comment_status":"open","ping_status":"closed","template":"","meta":{"_acf_changed":false},"product_brand":[],"product_cat":[74,57,46],"product_tag":[],"class_list":{"0":"post-1053","1":"product","2":"type-product","3":"status-publish","4":"has-post-thumbnail","6":"product_cat-cicekler-ve-bitkiler","7":"product_cat-endustriyel-ortam-kokusu","8":"product_cat-ortam-kokusu","10":"first","11":"instock","12":"shipping-taxable","13":"purchasable","14":"product-type-simple"},"acf":[],"_links":{"self":[{"href":"https:\/\/eyfelplus.com\/tr\/wp-json\/wp\/v2\/product\/1053","targetHints":{"allow":["GET"]}}],"collection":[{"href":"https:\/\/eyfelplus.com\/tr\/wp-json\/wp\/v2\/product"}],"about":[{"href":"https:\/\/eyfelplus.com\/tr\/wp-json\/wp\/v2\/types\/product"}],"replies":[{"embeddable":true,"href":"https:\/\/eyfelplus.com\/tr\/wp-json\/wp\/v2\/comments?post=1053"}],"version-history":[{"count":3,"href":"https:\/\/eyfelplus.com\/tr\/wp-json\/wp\/v2\/product\/1053\/revisions"}],"predecessor-version":[{"id":1056,"href":"https:\/\/eyfelplus.com\/tr\/wp-json\/wp\/v2\/product\/1053\/revisions\/1056"}],"wp:featuredmedia":[{"embeddable":true,"href":"https:\/\/eyfelplus.com\/tr\/wp-json\/wp\/v2\/media\/510"}],"wp:attachment":[{"href":"https:\/\/eyfelplus.com\/tr\/wp-json\/wp\/v2\/media?parent=1053"}],"wp:term":[{"taxonomy":"product_brand","embeddable":true,"href":"https:\/\/eyfelplus.com\/tr\/wp-json\/wp\/v2\/product_brand?post=1053"},{"taxonomy":"product_cat","embeddable":true,"href":"https:\/\/eyfelplus.com\/tr\/wp-json\/wp\/v2\/product_cat?post=1053"},{"taxonomy":"product_tag","embeddable":true,"href":"https:\/\/eyfelplus.com\/tr\/wp-json\/wp\/v2\/product_tag?post=1053"}],"curies":[{"name":"wp","href":"https:\/\/api.w.org\/{rel}","templated":true}]}}