{"id":1042,"date":"1970-01-01T00:00:00","date_gmt":"1969-12-31T20:30:00","guid":{"rendered":"https:\/\/eyfelplus.com\/product\/powder-scented-air-freshener\/"},"modified":"2025-05-27T10:56:40","modified_gmt":"2025-05-27T07:26:40","slug":"toz-kokulu-hava-ferahligi","status":"publish","type":"product","link":"https:\/\/eyfelplus.com\/tr\/urun\/toz-kokulu-hava-ferahligi\/","title":{"rendered":"Toz Kokulu Hava Ferahl\u0131\u011f\u0131"},"content":{"rendered":"<h2 dir=\"ltr\">Toz Kokulu Hava Ferahl\u0131\u011f\u0131<\/h2>\n<p dir=\"ltr\">\n\u2022 120 ml esans ya\u011f\u0131<br \/>\n\u2022 Talcum tozu, bebek pudras\u0131 ve kozmetik \u00fcr\u00fcnlerin kokusunu ta\u015f\u0131r<br \/>\n\u2022 Yatak odalar\u0131, masaj salonlar\u0131 ve spor kul\u00fcpleri i\u00e7in uygundur<br \/>\n\u2022 Stres giderici ve sakinle\u015ftirici<br \/>\n\u2022 Parf\u00fcmlerdeki tozumsu koku asl\u0131nda temizlik, safl\u0131k ve tazelik hissi uyand\u0131r\u0131r. Tozumsu kokuyu tart\u0131\u015f\u0131rken, akl\u0131m\u0131za talk tozu, bebek pudras\u0131, eski kozmetik \u00fcr\u00fcnleri ve cilt kremlerinin kokusu gibi \u00e7e\u015fitli toz benzeri kokular gelir. Bununla birlikte, bu kokunun ba\u015flang\u0131\u00e7ta pirin\u00e7 tanelerinden \u00f6\u011f\u00fct\u00fclen pirin\u00e7 tozundan geldi\u011fini bilmek ilgin\u00e7 olabilir. Tozumsu koku, parf\u00fcm \u00fcretiminde yayg\u0131n olarak kullan\u0131lan bir notad\u0131r.<\/p>\n","protected":false},"excerpt":{"rendered":"<p>Toz Kokulu Hava Ferahl\u0131\u011f\u0131 \u2022 120 ml esans ya\u011f\u0131 \u2022 Talcum tozu, bebek pudras\u0131 ve kozmetik \u00fcr\u00fcnlerin kokusunu ta\u015f\u0131r \u2022<\/p>\n","protected":false},"featured_media":537,"comment_status":"open","ping_status":"closed","template":"","meta":{"_acf_changed":false},"product_brand":[],"product_cat":[54,69,58,46],"product_tag":[],"class_list":{"0":"post-1042","1":"product","2":"type-product","3":"status-publish","4":"has-post-thumbnail","6":"product_cat-ev-ortam-kokusu","7":"product_cat-fantezi","8":"product_cat-genel-ortam-kokusu","9":"product_cat-ortam-kokusu","11":"first","12":"instock","13":"shipping-taxable","14":"purchasable","15":"product-type-simple"},"acf":[],"_links":{"self":[{"href":"https:\/\/eyfelplus.com\/tr\/wp-json\/wp\/v2\/product\/1042","targetHints":{"allow":["GET"]}}],"collection":[{"href":"https:\/\/eyfelplus.com\/tr\/wp-json\/wp\/v2\/product"}],"about":[{"href":"https:\/\/eyfelplus.com\/tr\/wp-json\/wp\/v2\/types\/product"}],"replies":[{"embeddable":true,"href":"https:\/\/eyfelplus.com\/tr\/wp-json\/wp\/v2\/comments?post=1042"}],"version-history":[{"count":3,"href":"https:\/\/eyfelplus.com\/tr\/wp-json\/wp\/v2\/product\/1042\/revisions"}],"predecessor-version":[{"id":1045,"href":"https:\/\/eyfelplus.com\/tr\/wp-json\/wp\/v2\/product\/1042\/revisions\/1045"}],"wp:featuredmedia":[{"embeddable":true,"href":"https:\/\/eyfelplus.com\/tr\/wp-json\/wp\/v2\/media\/537"}],"wp:attachment":[{"href":"https:\/\/eyfelplus.com\/tr\/wp-json\/wp\/v2\/media?parent=1042"}],"wp:term":[{"taxonomy":"product_brand","embeddable":true,"href":"https:\/\/eyfelplus.com\/tr\/wp-json\/wp\/v2\/product_brand?post=1042"},{"taxonomy":"product_cat","embeddable":true,"href":"https:\/\/eyfelplus.com\/tr\/wp-json\/wp\/v2\/product_cat?post=1042"},{"taxonomy":"product_tag","embeddable":true,"href":"https:\/\/eyfelplus.com\/tr\/wp-json\/wp\/v2\/product_tag?post=1042"}],"curies":[{"name":"wp","href":"https:\/\/api.w.org\/{rel}","templated":true}]}}