{"id":1028,"date":"1970-01-01T00:00:00","date_gmt":"1969-12-31T20:30:00","guid":{"rendered":"https:\/\/eyfelplus.com\/product\/coffee-scented-air-freshener\/"},"modified":"2023-08-20T17:42:24","modified_gmt":"2023-08-20T14:12:24","slug":"kahve-kokulu-hava-ferahligi","status":"publish","type":"product","link":"https:\/\/eyfelplus.com\/tr\/urun\/kahve-kokulu-hava-ferahligi\/","title":{"rendered":"Kahve Kokulu Hava Ferahl\u0131\u011f\u0131"},"content":{"rendered":"<h2 dir=\"ltr\">Kahve Kokulu Hava Ferahl\u0131\u011f\u0131<\/h2>\n<p dir=\"ltr\">\n\u2022 120 ml esans ya\u011f\u0131<br \/>\n\u2022 Alkol tabanl\u0131 kahve aromas\u0131<br \/>\n\u2022 Sakinle\u015ftirici bir koku ta\u015f\u0131r<br \/>\n\u2022 Kafeler, restoranlar ve oteller i\u00e7in uygundur<br \/>\n\u2022 Kahve kokulu hava ferahl\u0131\u011f\u0131, soludu\u011funuzda \u00f6zel bir etki sunan ola\u011fan\u00fcst\u00fc bir koku. Bu koku ruha ve bedene huzur ve ne\u015fe getirir. Antik \u00e7a\u011flardan g\u00fcn\u00fcm\u00fcze, bu koku insanlar i\u00e7in birinci tercih olmu\u015f, her zevke uygun olmu\u015ftur. D\u00fcnyada bu t\u00fcr \u00f6zelliklere sahip ba\u015fka bir koku neredeyse yoktur. Bu ho\u015f kokunun keyfini \u00e7\u0131karmayan d\u00fcnya \u00fczerindeki birini bulamazs\u0131n\u0131z. Kahve kokulu hava ferahl\u0131\u011f\u0131 uzun s\u00fcre havada kal\u0131rken sakinle\u015ftirici bir aroma ta\u015f\u0131r ve neyse ki herhangi bir hassasiyete yol a\u00e7maz. Temel kullan\u0131m alanlar\u0131 kafeler, restoranlar, yiyecek alanlar\u0131, oteller, i\u015f ve ticaret merkezleri ile g\u00fczellik ve kozmetik merkezlerinde bulunur.<\/p>\n","protected":false},"excerpt":{"rendered":"<p>Kahve Kokulu Hava Ferahl\u0131\u011f\u0131 \u2022 120 ml esans ya\u011f\u0131 \u2022 Alkol tabanl\u0131 kahve aromas\u0131 \u2022 Sakinle\u015ftirici bir koku ta\u015f\u0131r \u2022<\/p>\n","protected":false},"featured_media":504,"comment_status":"open","ping_status":"closed","template":"","meta":{"_acf_changed":false},"product_brand":[],"product_cat":[69,58,70,51,46],"product_tag":[],"class_list":{"0":"post-1028","1":"product","2":"type-product","3":"status-publish","4":"has-post-thumbnail","6":"product_cat-fantezi","7":"product_cat-genel-ortam-kokusu","8":"product_cat-meyve","9":"product_cat-ofis-ve-ticari-ortam-kokusu","10":"product_cat-ortam-kokusu","12":"first","13":"instock","14":"shipping-taxable","15":"purchasable","16":"product-type-simple"},"acf":[],"_links":{"self":[{"href":"https:\/\/eyfelplus.com\/tr\/wp-json\/wp\/v2\/product\/1028","targetHints":{"allow":["GET"]}}],"collection":[{"href":"https:\/\/eyfelplus.com\/tr\/wp-json\/wp\/v2\/product"}],"about":[{"href":"https:\/\/eyfelplus.com\/tr\/wp-json\/wp\/v2\/types\/product"}],"replies":[{"embeddable":true,"href":"https:\/\/eyfelplus.com\/tr\/wp-json\/wp\/v2\/comments?post=1028"}],"version-history":[{"count":3,"href":"https:\/\/eyfelplus.com\/tr\/wp-json\/wp\/v2\/product\/1028\/revisions"}],"predecessor-version":[{"id":1031,"href":"https:\/\/eyfelplus.com\/tr\/wp-json\/wp\/v2\/product\/1028\/revisions\/1031"}],"wp:featuredmedia":[{"embeddable":true,"href":"https:\/\/eyfelplus.com\/tr\/wp-json\/wp\/v2\/media\/504"}],"wp:attachment":[{"href":"https:\/\/eyfelplus.com\/tr\/wp-json\/wp\/v2\/media?parent=1028"}],"wp:term":[{"taxonomy":"product_brand","embeddable":true,"href":"https:\/\/eyfelplus.com\/tr\/wp-json\/wp\/v2\/product_brand?post=1028"},{"taxonomy":"product_cat","embeddable":true,"href":"https:\/\/eyfelplus.com\/tr\/wp-json\/wp\/v2\/product_cat?post=1028"},{"taxonomy":"product_tag","embeddable":true,"href":"https:\/\/eyfelplus.com\/tr\/wp-json\/wp\/v2\/product_tag?post=1028"}],"curies":[{"name":"wp","href":"https:\/\/api.w.org\/{rel}","templated":true}]}}