{"id":1015,"date":"1970-01-01T00:00:00","date_gmt":"1969-12-31T20:30:00","guid":{"rendered":"https:\/\/eyfelplus.com\/product\/mango-scent-air-freshener\/"},"modified":"2023-08-20T16:02:18","modified_gmt":"2023-08-20T12:32:18","slug":"mango-kokulu-hava-ferahlaticisi","status":"publish","type":"product","link":"https:\/\/eyfelplus.com\/tr\/urun\/mango-kokulu-hava-ferahlaticisi\/","title":{"rendered":"Mango Kokulu Hava Ferahlat\u0131c\u0131s\u0131"},"content":{"rendered":"<h2 dir=\"ltr\">Mango Kokulu Hava Ferahlat\u0131c\u0131s\u0131<\/h2>\n<p dir=\"ltr\">\u2022 120 ml esans i\u00e7erir<br \/>\n\u2022 Kul\u00fcpler ve spor kul\u00fcpleri i\u00e7in uygundur<br \/>\n\u2022 Ticari, ofis ve konut merkezleri i\u00e7in uygundur<br \/>\n\u2022 Genel tuvaletler i\u00e7in uygundur<br \/>\n\u2022 G\u00fczellik salonlar\u0131 ve hizmetler i\u00e7in uygundur<br \/>\n\u2022 Masaj salonlar\u0131<br \/>\n\u2022 Mango kokulu hava ferahlat\u0131c\u0131 esans\u0131, ortam\u0131 ferahlatmak ve dezenfekte etmek i\u00e7in uygun bir se\u00e7enek olarak kabul edilir. Ayr\u0131ca mango hava ferahlat\u0131c\u0131 kokusu canland\u0131r\u0131c\u0131 ve aromaterapi \u00f6zelliklerine sahiptir, g\u00fcc\u00fc art\u0131r\u0131r ve spor ve yoga uygulamalar\u0131, partiler, \u00e7\u00f6p kutular\u0131ndaki ho\u015f olmayan kokular\u0131n giderilmesi, mutfaklar, umumi yerler ve koridorlarda kullan\u0131m gibi \u00e7e\u015fitli ama\u00e7lara uygundur. Her zevke hitap etmektedir.<\/p>\n","protected":false},"excerpt":{"rendered":"<p>Mango Kokulu Hava Ferahlat\u0131c\u0131s\u0131 \u2022 120 ml esans i\u00e7erir \u2022 Kul\u00fcpler ve spor kul\u00fcpleri i\u00e7in uygundur \u2022 Ticari, ofis ve<\/p>\n","protected":false},"featured_media":546,"comment_status":"closed","ping_status":"closed","template":"","meta":{"_acf_changed":false},"product_brand":[],"product_cat":[54,58,70,46],"product_tag":[],"class_list":{"0":"post-1015","1":"product","2":"type-product","3":"status-publish","4":"has-post-thumbnail","6":"product_cat-ev-ortam-kokusu","7":"product_cat-genel-ortam-kokusu","8":"product_cat-meyve","9":"product_cat-ortam-kokusu","11":"first","12":"instock","13":"shipping-taxable","14":"purchasable","15":"product-type-simple"},"acf":[],"_links":{"self":[{"href":"https:\/\/eyfelplus.com\/tr\/wp-json\/wp\/v2\/product\/1015","targetHints":{"allow":["GET"]}}],"collection":[{"href":"https:\/\/eyfelplus.com\/tr\/wp-json\/wp\/v2\/product"}],"about":[{"href":"https:\/\/eyfelplus.com\/tr\/wp-json\/wp\/v2\/types\/product"}],"replies":[{"embeddable":true,"href":"https:\/\/eyfelplus.com\/tr\/wp-json\/wp\/v2\/comments?post=1015"}],"version-history":[{"count":5,"href":"https:\/\/eyfelplus.com\/tr\/wp-json\/wp\/v2\/product\/1015\/revisions"}],"predecessor-version":[{"id":1020,"href":"https:\/\/eyfelplus.com\/tr\/wp-json\/wp\/v2\/product\/1015\/revisions\/1020"}],"wp:featuredmedia":[{"embeddable":true,"href":"https:\/\/eyfelplus.com\/tr\/wp-json\/wp\/v2\/media\/546"}],"wp:attachment":[{"href":"https:\/\/eyfelplus.com\/tr\/wp-json\/wp\/v2\/media?parent=1015"}],"wp:term":[{"taxonomy":"product_brand","embeddable":true,"href":"https:\/\/eyfelplus.com\/tr\/wp-json\/wp\/v2\/product_brand?post=1015"},{"taxonomy":"product_cat","embeddable":true,"href":"https:\/\/eyfelplus.com\/tr\/wp-json\/wp\/v2\/product_cat?post=1015"},{"taxonomy":"product_tag","embeddable":true,"href":"https:\/\/eyfelplus.com\/tr\/wp-json\/wp\/v2\/product_tag?post=1015"}],"curies":[{"name":"wp","href":"https:\/\/api.w.org\/{rel}","templated":true}]}}