{"id":1001,"date":"1970-01-01T00:00:00","date_gmt":"1969-12-31T20:30:00","guid":{"rendered":"https:\/\/eyfelplus.com\/product\/african-mango-scented-air-freshener\/"},"modified":"2023-08-20T15:41:38","modified_gmt":"2023-08-20T12:11:38","slug":"afrika-mango-kokulu-hava-ferahligi","status":"publish","type":"product","link":"https:\/\/eyfelplus.com\/tr\/urun\/afrika-mango-kokulu-hava-ferahligi\/","title":{"rendered":"Afrika Mango Kokulu Hava Ferahl\u0131\u011f\u0131"},"content":{"rendered":"<h2 dir=\"ltr\">Afrika Mango Kokulu Hava Ferahl\u0131\u011f\u0131<\/h2>\n<p dir=\"ltr\">\u2022 120 ml esans ya\u011f\u0131<br \/>\n\u2022 Hafif, tatl\u0131 ve s\u0131cak bir koku ta\u015f\u0131r<br \/>\n\u2022 Banyolar, toplant\u0131 odalar\u0131, \u00e7al\u0131\u015fma alanlar\u0131, evler ve ara\u00e7 i\u00e7i i\u00e7in uygundur<br \/>\n\u2022 Canland\u0131r\u0131c\u0131 ve aromaterapi<br \/>\n\u2022 Afrika Mango kokulu hava ferahl\u0131\u011f\u0131, mutfaklar, kar\u015f\u0131lama alanlar\u0131, banyolar ve hatta d\u00fckkanlar, klinikler, ofisler ve kurumlar gibi ortamlar i\u00e7in uygundur. Afrika Mango kokulu hava ferahl\u0131\u011f\u0131, g\u00fcnl\u00fck hayatta sinirleri yat\u0131\u015ft\u0131rmaya ve psikolojik rahatlamay\u0131 sa\u011flamada \u00f6nemli bir katk\u0131 sa\u011flar.<\/p>\n","protected":false},"excerpt":{"rendered":"<p>Afrika Mango Kokulu Hava Ferahl\u0131\u011f\u0131 \u2022 120 ml esans ya\u011f\u0131 \u2022 Hafif, tatl\u0131 ve s\u0131cak bir koku ta\u015f\u0131r \u2022 Banyolar,<\/p>\n","protected":false},"featured_media":522,"comment_status":"open","ping_status":"closed","template":"","meta":{"_acf_changed":false},"product_brand":[],"product_cat":[57,54,58,70,51,46],"product_tag":[],"class_list":{"0":"post-1001","1":"product","2":"type-product","3":"status-publish","4":"has-post-thumbnail","6":"product_cat-endustriyel-ortam-kokusu","7":"product_cat-ev-ortam-kokusu","8":"product_cat-genel-ortam-kokusu","9":"product_cat-meyve","10":"product_cat-ofis-ve-ticari-ortam-kokusu","11":"product_cat-ortam-kokusu","13":"first","14":"instock","15":"shipping-taxable","16":"purchasable","17":"product-type-simple"},"acf":[],"_links":{"self":[{"href":"https:\/\/eyfelplus.com\/tr\/wp-json\/wp\/v2\/product\/1001","targetHints":{"allow":["GET"]}}],"collection":[{"href":"https:\/\/eyfelplus.com\/tr\/wp-json\/wp\/v2\/product"}],"about":[{"href":"https:\/\/eyfelplus.com\/tr\/wp-json\/wp\/v2\/types\/product"}],"replies":[{"embeddable":true,"href":"https:\/\/eyfelplus.com\/tr\/wp-json\/wp\/v2\/comments?post=1001"}],"version-history":[{"count":5,"href":"https:\/\/eyfelplus.com\/tr\/wp-json\/wp\/v2\/product\/1001\/revisions"}],"predecessor-version":[{"id":1006,"href":"https:\/\/eyfelplus.com\/tr\/wp-json\/wp\/v2\/product\/1001\/revisions\/1006"}],"wp:featuredmedia":[{"embeddable":true,"href":"https:\/\/eyfelplus.com\/tr\/wp-json\/wp\/v2\/media\/522"}],"wp:attachment":[{"href":"https:\/\/eyfelplus.com\/tr\/wp-json\/wp\/v2\/media?parent=1001"}],"wp:term":[{"taxonomy":"product_brand","embeddable":true,"href":"https:\/\/eyfelplus.com\/tr\/wp-json\/wp\/v2\/product_brand?post=1001"},{"taxonomy":"product_cat","embeddable":true,"href":"https:\/\/eyfelplus.com\/tr\/wp-json\/wp\/v2\/product_cat?post=1001"},{"taxonomy":"product_tag","embeddable":true,"href":"https:\/\/eyfelplus.com\/tr\/wp-json\/wp\/v2\/product_tag?post=1001"}],"curies":[{"name":"wp","href":"https:\/\/api.w.org\/{rel}","templated":true}]}}