{"id":1192,"date":"2023-07-28T12:45:13","date_gmt":"2023-07-28T09:15:13","guid":{"rendered":"https:\/\/eyfelplus.com\/%d8%af%d8%b1%d8%a8%d8%a7%d8%b1%d9%87-%d9%85%d8%a7\/"},"modified":"2023-08-21T01:07:03","modified_gmt":"2023-08-20T21:37:03","slug":"hakkimizda","status":"publish","type":"page","link":"https:\/\/eyfelplus.com\/tr\/hakkimizda\/","title":{"rendered":"Hakk\u0131m\u0131zda"},"content":{"rendered":"<h3 dir=\"ltr\" style=\"text-align: center;\"><span style=\"color: #800080;\">g\u00fczel hayat\u0131n kokusu<\/span><\/h3>\n<p dir=\"ltr\" style=\"text-align: left;\">Eyfel Plus, denizden, topraktan, havadan aya kadar do\u011fan\u0131n g\u00fczel kokusuyla her zaman yan\u0131n\u0131zda.<\/p>\n<p dir=\"ltr\" style=\"text-align: left;\">Uzun \u00f6m\u00fcre sahip olan Eyfel Plus oda kokular\u0131<\/p>\n<ul>\n<li dir=\"ltr\" style=\"text-align: left;\">Eyfel Plus esanslar\u0131 :<\/li>\n<li dir=\"ltr\" style=\"text-align: left;\">Gen\u00e7ler<\/li>\n<li dir=\"ltr\" style=\"text-align: left;\">Orta ya\u015flar<\/li>\n<li dir=\"ltr\" style=\"text-align: left;\">Ve t\u00fcm ya\u015flara i\u00e7in uygundur.<\/li>\n<li dir=\"ltr\" style=\"text-align: left;\">Oturdu\u011funuz yerden , i\u015f yerinizden, seyahat rotan\u0131zdan evinize kadar, havaya g\u00fczel koku katarak mekan\u0131n\u0131z tazelenecek, ruh haliniz tazelenecek, su, ate\u015f ve topra\u011f\u0131n gizemli kokular\u0131 her an yan\u0131n\u0131zda .<\/li>\n<\/ul>\n<p dir=\"ltr\" style=\"text-align: left;\">Eyfel Plus oda spreyleri, \u00e7e\u015fitlerine g\u00f6re insanlarda farkl\u0131 duygular uyand\u0131r\u0131r. Baz\u0131 kokular enerji verici \u00f6zelliklere sahiptir ve enerji seviyesini y\u00fckseltebilir. \u00d6rne\u011fin meyvelerden \u00e7ilek kokusu canl\u0131l\u0131k hissi verir . Kokular\u0131 farkl\u0131 \u015fekilde bulunmaktad\u0131r, farkl\u0131 tip ve \u015fekillerde bulunan sa\u011fl\u0131k \u00fcr\u00fcnleri kategorisine girer . S\u0131v\u0131 t\u00fcr\u00fcnden, spreylerine , esans ve her t\u00fcrl\u00fc sabuna kadar bu \u00fcr\u00fcnler ortam\u0131n mis kokulu ve ferah olmas\u0131n\u0131 sa\u011flar. Eyfel Plus Oda Parf\u00fcm\u00fc&#8217;n\u00fcn evde kullan\u0131lmas\u0131 \u00e7evre ve ev halk\u0131 i\u00e7in enerji yarat\u0131r, evin rahat ve dinlendirici olmas\u0131n\u0131 sa\u011flar.<\/p>\n<p dir=\"ltr\" style=\"text-align: left;\">Eyfel Plus kokular\u0131n\u0131n di\u011fer avantajlar\u0131ndan biri de huzurlu ve kayg\u0131s\u0131z bir uyku uyumaya yard\u0131mc\u0131 olmas\u0131d\u0131r. Ve en \u00f6nemlisi, uykusuzluk \u00e7eken insanlara yard\u0131mc\u0131 olur. Uyku ortam\u0131nda rahatlat\u0131c\u0131 kullan\u0131m \u00f6zelli\u011fine sahip u\u00e7ucu ya\u011flardan, tek bir uykudan keyifli bir uyku deneyimi ya\u015fayabilirsiniz.<\/p>\n<p dir=\"ltr\" style=\"text-align: left;\">Eyfel Plus, her mevsim a\u015fa\u011f\u0131daki yaz\u0131lan yerler i\u00e7in ho\u015f kokular konusunda uzmanla\u015fm\u0131\u015ft\u0131r:<\/p>\n<p dir=\"ltr\" style=\"text-align: left;\">Oturma odas\u0131 (oturma odas\u0131, banyo, yatak odas\u0131, mutfak vb.)<br \/>\n\u0130\u015fyeri (masa ve ofis, toplant\u0131 odas\u0131, tuvaletler, bekleme odas\u0131 vb.)<br \/>\nOteller ve restoranlar, resepsiyon salonlar\u0131, kafeler , tekstil ve giyim galerileri, makyaj ve g\u00fczellik salonlar\u0131, hipermarketler, doktor muayenehaneleri, havaalan\u0131 bekleme salonlar\u0131, kuyumcular, t\u00fcm ticaret ve e\u011flence merkezleri, ticaret merkezleri,klinikleri , hava alanlar\u0131 , mobilya ve ev dekorasyonu ma\u011fazalar\u0131 , g\u00fczellik ve sa\u011fl\u0131k ma\u011fazalar\u0131.<br \/>\nSpa merkezleri ve y\u00fczme havuzlar\u0131, e\u011fitim ve \u00fcniversite merkezleri, dini mekanlar.<\/p>\n","protected":false},"excerpt":{"rendered":"<p>g\u00fczel hayat\u0131n kokusu Eyfel Plus, denizden, topraktan, havadan aya kadar do\u011fan\u0131n g\u00fczel kokusuyla her zaman yan\u0131n\u0131zda. Uzun \u00f6m\u00fcre sahip olan<\/p>\n","protected":false},"author":1,"featured_media":551,"parent":0,"menu_order":0,"comment_status":"closed","ping_status":"closed","template":"","meta":{"_acf_changed":false,"footnotes":""},"class_list":["post-1192","page","type-page","status-publish","has-post-thumbnail","hentry"],"acf":[],"_links":{"self":[{"href":"https:\/\/eyfelplus.com\/tr\/wp-json\/wp\/v2\/pages\/1192","targetHints":{"allow":["GET"]}}],"collection":[{"href":"https:\/\/eyfelplus.com\/tr\/wp-json\/wp\/v2\/pages"}],"about":[{"href":"https:\/\/eyfelplus.com\/tr\/wp-json\/wp\/v2\/types\/page"}],"author":[{"embeddable":true,"href":"https:\/\/eyfelplus.com\/tr\/wp-json\/wp\/v2\/users\/1"}],"replies":[{"embeddable":true,"href":"https:\/\/eyfelplus.com\/tr\/wp-json\/wp\/v2\/comments?post=1192"}],"version-history":[{"count":3,"href":"https:\/\/eyfelplus.com\/tr\/wp-json\/wp\/v2\/pages\/1192\/revisions"}],"predecessor-version":[{"id":1193,"href":"https:\/\/eyfelplus.com\/tr\/wp-json\/wp\/v2\/pages\/1192\/revisions\/1193"}],"wp:featuredmedia":[{"embeddable":true,"href":"https:\/\/eyfelplus.com\/tr\/wp-json\/wp\/v2\/media\/551"}],"wp:attachment":[{"href":"https:\/\/eyfelplus.com\/tr\/wp-json\/wp\/v2\/media?parent=1192"}],"curies":[{"name":"wp","href":"https:\/\/api.w.org\/{rel}","templated":true}]}}